{"id":1011,"date":"2025-11-30T14:30:43","date_gmt":"2025-11-30T13:30:43","guid":{"rendered":"https:\/\/vali.now\/spenden\/"},"modified":"2026-02-05T13:12:11","modified_gmt":"2026-02-05T12:12:11","slug":"spenden","status":"publish","type":"page","link":"https:\/\/vali.now\/de\/spenden\/","title":{"rendered":"Spenden"},"content":{"rendered":"\n<h2 class=\"wp-block-heading\">Ein soziales Gebot<\/h2>\n\n<p><strong>Cybersicherheit ist ein wesentlicher Bestandteil unseres modernen Lebens. Die Betrugserkennung sch\u00fctzt Menschen vor Betrug, bewahrt diejenigen, die von Cyberkriminellen ins Visier genommen werden, und st\u00e4rkt weltweit Opfer von Phishing und Identit\u00e4tsdiebstahl. Doch gut ausgestattete Betr\u00fcger und Abzocker nutzen aktiv Schwachstellen in unseren Posteing\u00e4ngen aus. Cyberkriminelle auf der ganzen Welt starten ausgekl\u00fcgelte Phishing-Angriffe, gef\u00e4lschte Shops verbreiten sich in unseren E-Mails, und Recovery-Scams machen Jagd auf die Schw\u00e4chsten.<\/strong><\/p>\n\n<p>Trotz der Widrigkeiten bietet <a href=\"http:\/\/vali.now\">vali.now<\/a> einen sicheren und vertrauensw\u00fcrdigen Schutz f\u00fcr Menschen, um ihre digitale Kommunikation zu verwalten. <a href=\"http:\/\/vali.now\">vali.now<\/a> bietet einen kostenlosen Service zur Betrugserkennung f\u00fcr Privatpersonen. Menschen wenden sich an <a href=\"http:\/\/vali.now\">vali.now<\/a>, wenn sie eine verd\u00e4chtige E-Mail, Nachricht oder einen Anruf erhalten und ein schnelles Urteil ben\u00f6tigen.<\/p>\n\n<h2 class=\"wp-block-heading\">Das vali.now-Team k\u00fcmmert sich um Sie<\/h2>\n\n<p><a href=\"http:\/\/vali.now\">vali.now<\/a> wird von einem engagierten Team aus Cybersicherheitsexperten und -analysten betrieben, das sich dem Schutz von Einzelpersonen vor Online-Betrug und -T\u00e4uschung verschrieben hat. Wir konzentrieren uns ausschlie\u00dflich auf den Aufbau und die Aufrechterhaltung eines schnellen, zuverl\u00e4ssigen und vertrauensw\u00fcrdigen Scam-Shield-Dienstes f\u00fcr allt\u00e4gliche Online-Nutzer. Unsere Unabh\u00e4ngigkeit erm\u00f6glicht es uns, die Sicherheit der Nutzer \u00fcber alles andere zu stellen und einen einleitenden Scam-Checking-Service f\u00fcr Einzelpersonen v\u00f6llig kostenlos anzubieten. Ihre Unterst\u00fctzung hilft uns, die Abdeckung zu erweitern, die Genauigkeit der Erkennung zu verbessern, die Infrastruktur aufrechtzuerhalten und den Kampf gegen Phishing, Identit\u00e4tsmissbrauch und Recovery-Scams weltweit fortzusetzen.<\/p>\n\n<h2 class=\"wp-block-heading\">Wenn Sie unsere Werte teilen, spenden Sie bitte!<\/h2>\n\n<p>Wenn Sie der Meinung sind, dass wir gute Arbeit leisten, k\u00f6nnen Sie <a href=\"http:\/\/vali.now\">vali.now<\/a> mit einer Spende per Kreditkarte und Kryptow\u00e4hrung unterst\u00fctzen. Eine Spendenadresse f\u00fcr Kryptow\u00e4hrungen ist f\u00fcr Ethereum und andere EVM-kompatible Token wie USDC verf\u00fcgbar.<\/p>\n\n<p>Bitte beachten Sie, dass Spenden nicht steuerlich absetzbar sind. Wenn Sie Fragen zu Spenden oder Unterst\u00fctzung haben, kontaktieren Sie uns bitte \u00fcber info (at) vali.now. Bitte \u00fcberpr\u00fcfen Sie, ob die URL <a href=\"https:\/\/vali.now\/de\/\">https:\/\/vali.now<\/a> lautet, bevor Sie Gelder oder E-Mails senden. Im Zweifelsfall k\u00f6nnen Sie sich jederzeit per E-Mail an <a href=\"mailto:help@vali.now\">help@vali.now<\/a> wenden.   <\/p>\n\n<hr class=\"wp-block-separator has-alpha-channel-opacity\"\/>\n\n<p><strong>Spenden per Kreditkarte<\/strong> (Donorbox)<\/p>\n\n<script type=\"module\" src=\"https:\/\/donorbox.org\/widgets.js\" async=\"\"><\/script><dbox-widget campaign=\"donate-now-863561\" type=\"donation_form\" interval=\"1 M\" enable-auto-scroll=\"true\"><\/dbox-widget>\n\n<hr class=\"wp-block-separator has-alpha-channel-opacity\"\/>\n\n<p><strong>Krypto spenden<\/strong><\/p>\n\n<p>Unterst\u00fctzen Sie <a href=\"http:\/\/vali.now\">vali.now<\/a> mit einer Spende, indem Sie ETH, USDC oder USDT an die folgende vali.now-Adresse senden:<\/p>\n\n<p><strong>0xfcbF8213E713407B29473220c4241bA0a0666D15<\/strong><\/p>\n\n<p><\/p>\n","protected":false},"excerpt":{"rendered":"<p>Ein soziales Gebot Cybersicherheit ist ein wesentlicher Bestandteil unseres modernen Lebens. Die Betrugserkennung sch\u00fctzt Menschen vor Betrug, bewahrt diejenigen, die von Cyberkriminellen ins Visier genommen werden, und st\u00e4rkt weltweit Opfer von Phishing und Identit\u00e4tsdiebstahl. Doch gut ausgestattete Betr\u00fcger und Abzocker nutzen aktiv Schwachstellen in unseren Posteing\u00e4ngen aus. Cyberkriminelle auf der ganzen Welt starten ausgekl\u00fcgelte Phishing-Angriffe,&hellip;<\/p>\n<p class=\"more-link\"><a href=\"https:\/\/vali.now\/de\/spenden\/\" class=\"themebutton3\">Mehr lesen<\/a><\/p>\n","protected":false},"author":1,"featured_media":0,"parent":0,"menu_order":0,"comment_status":"closed","ping_status":"closed","template":"","meta":{"footnotes":""},"categories":[137],"tags":[161],"class_list":["post-1011","page","type-page","status-publish","hentry","category-nicht-kategorisiert","tag-spenden"],"yoast_head":"<!-- This site is optimized with the Yoast SEO plugin v27.6 - https:\/\/yoast.com\/product\/yoast-seo-wordpress\/ -->\n<title>Unterst\u00fctzen Sie vali.now mit einer Spende Spenden - vali.now<\/title>\n<meta name=\"description\" content=\"Unterst\u00fctzen Sie vali.now mit einer Spende. Ihr Beitrag hilft unserem kostenlosen Betrugserkennungsservice, Phishing zu bek\u00e4mpfen und vor Online-Betrug zu sch\u00fctzen.\" \/>\n<meta name=\"robots\" content=\"index, follow, max-snippet:-1, max-image-preview:large, max-video-preview:-1\" \/>\n<link rel=\"canonical\" href=\"https:\/\/vali.now\/de\/spenden\/\" \/>\n<meta property=\"og:locale\" content=\"de_DE\" \/>\n<meta property=\"og:type\" content=\"article\" \/>\n<meta property=\"og:title\" content=\"Unterst\u00fctzen Sie vali.now mit einer Spende Spenden - vali.now\" \/>\n<meta property=\"og:description\" content=\"Unterst\u00fctzen Sie vali.now mit einer Spende. Ihr Beitrag hilft unserem kostenlosen Betrugserkennungsservice, Phishing zu bek\u00e4mpfen und vor Online-Betrug zu sch\u00fctzen.\" \/>\n<meta property=\"og:url\" content=\"https:\/\/vali.now\/de\/spenden\/\" \/>\n<meta property=\"og:site_name\" content=\"vali.now\" \/>\n<meta property=\"article:modified_time\" content=\"2026-02-05T12:12:11+00:00\" \/>\n<meta name=\"twitter:card\" content=\"summary_large_image\" \/>\n<meta name=\"twitter:site\" content=\"@vali_now\" \/>\n<meta name=\"twitter:label1\" content=\"Gesch\u00e4tzte Lesezeit\" \/>\n\t<meta name=\"twitter:data1\" content=\"2\u00a0Minuten\" \/>\n<script type=\"application\/ld+json\" class=\"yoast-schema-graph\">{\"@context\":\"https:\\\/\\\/schema.org\",\"@graph\":[{\"@type\":\"WebPage\",\"@id\":\"https:\\\/\\\/vali.now\\\/de\\\/spenden\\\/\",\"url\":\"https:\\\/\\\/vali.now\\\/de\\\/spenden\\\/\",\"name\":\"Unterst\u00fctzen Sie vali.now mit einer Spende Spenden - vali.now\",\"isPartOf\":{\"@id\":\"https:\\\/\\\/vali.now\\\/de\\\/#website\"},\"datePublished\":\"2025-11-30T13:30:43+00:00\",\"dateModified\":\"2026-02-05T12:12:11+00:00\",\"description\":\"Unterst\u00fctzen Sie vali.now mit einer Spende. Ihr Beitrag hilft unserem kostenlosen Betrugserkennungsservice, Phishing zu bek\u00e4mpfen und vor Online-Betrug zu sch\u00fctzen.\",\"breadcrumb\":{\"@id\":\"https:\\\/\\\/vali.now\\\/de\\\/spenden\\\/#breadcrumb\"},\"inLanguage\":\"de\",\"potentialAction\":[{\"@type\":\"ReadAction\",\"target\":[\"https:\\\/\\\/vali.now\\\/de\\\/spenden\\\/\"]}]},{\"@type\":\"BreadcrumbList\",\"@id\":\"https:\\\/\\\/vali.now\\\/de\\\/spenden\\\/#breadcrumb\",\"itemListElement\":[{\"@type\":\"ListItem\",\"position\":1,\"name\":\"Startseite\",\"item\":\"https:\\\/\\\/vali.now\\\/de\\\/\"},{\"@type\":\"ListItem\",\"position\":2,\"name\":\"Spenden\"}]},{\"@type\":\"WebSite\",\"@id\":\"https:\\\/\\\/vali.now\\\/de\\\/#website\",\"url\":\"https:\\\/\\\/vali.now\\\/de\\\/\",\"name\":\"vali.now\",\"description\":\"Cybertrust for Businesses and Individuals\",\"publisher\":{\"@id\":\"https:\\\/\\\/vali.now\\\/de\\\/#organization\"},\"potentialAction\":[{\"@type\":\"SearchAction\",\"target\":{\"@type\":\"EntryPoint\",\"urlTemplate\":\"https:\\\/\\\/vali.now\\\/de\\\/?s={search_term_string}\"},\"query-input\":{\"@type\":\"PropertyValueSpecification\",\"valueRequired\":true,\"valueName\":\"search_term_string\"}}],\"inLanguage\":\"de\"},{\"@type\":\"Organization\",\"@id\":\"https:\\\/\\\/vali.now\\\/de\\\/#organization\",\"name\":\"vali.now\",\"url\":\"https:\\\/\\\/vali.now\\\/de\\\/\",\"logo\":{\"@type\":\"ImageObject\",\"inLanguage\":\"de\",\"@id\":\"https:\\\/\\\/vali.now\\\/de\\\/#\\\/schema\\\/logo\\\/image\\\/\",\"url\":\"https:\\\/\\\/vali.now\\\/wp-content\\\/uploads\\\/2025\\\/11\\\/cropped-IMG_5205.png\",\"contentUrl\":\"https:\\\/\\\/vali.now\\\/wp-content\\\/uploads\\\/2025\\\/11\\\/cropped-IMG_5205.png\",\"width\":512,\"height\":512,\"caption\":\"vali.now\"},\"image\":{\"@id\":\"https:\\\/\\\/vali.now\\\/de\\\/#\\\/schema\\\/logo\\\/image\\\/\"},\"sameAs\":[\"https:\\\/\\\/x.com\\\/vali_now\",\"https:\\\/\\\/www.linkedin.com\\\/company\\\/vali-now\\\/\"]}]}<\/script>\n<!-- \/ Yoast SEO plugin. -->","yoast_head_json":{"title":"Unterst\u00fctzen Sie vali.now mit einer Spende Spenden - vali.now","description":"Unterst\u00fctzen Sie vali.now mit einer Spende. Ihr Beitrag hilft unserem kostenlosen Betrugserkennungsservice, Phishing zu bek\u00e4mpfen und vor Online-Betrug zu sch\u00fctzen.","robots":{"index":"index","follow":"follow","max-snippet":"max-snippet:-1","max-image-preview":"max-image-preview:large","max-video-preview":"max-video-preview:-1"},"canonical":"https:\/\/vali.now\/de\/spenden\/","og_locale":"de_DE","og_type":"article","og_title":"Unterst\u00fctzen Sie vali.now mit einer Spende Spenden - vali.now","og_description":"Unterst\u00fctzen Sie vali.now mit einer Spende. Ihr Beitrag hilft unserem kostenlosen Betrugserkennungsservice, Phishing zu bek\u00e4mpfen und vor Online-Betrug zu sch\u00fctzen.","og_url":"https:\/\/vali.now\/de\/spenden\/","og_site_name":"vali.now","article_modified_time":"2026-02-05T12:12:11+00:00","twitter_card":"summary_large_image","twitter_site":"@vali_now","twitter_misc":{"Gesch\u00e4tzte Lesezeit":"2\u00a0Minuten"},"schema":{"@context":"https:\/\/schema.org","@graph":[{"@type":"WebPage","@id":"https:\/\/vali.now\/de\/spenden\/","url":"https:\/\/vali.now\/de\/spenden\/","name":"Unterst\u00fctzen Sie vali.now mit einer Spende Spenden - vali.now","isPartOf":{"@id":"https:\/\/vali.now\/de\/#website"},"datePublished":"2025-11-30T13:30:43+00:00","dateModified":"2026-02-05T12:12:11+00:00","description":"Unterst\u00fctzen Sie vali.now mit einer Spende. Ihr Beitrag hilft unserem kostenlosen Betrugserkennungsservice, Phishing zu bek\u00e4mpfen und vor Online-Betrug zu sch\u00fctzen.","breadcrumb":{"@id":"https:\/\/vali.now\/de\/spenden\/#breadcrumb"},"inLanguage":"de","potentialAction":[{"@type":"ReadAction","target":["https:\/\/vali.now\/de\/spenden\/"]}]},{"@type":"BreadcrumbList","@id":"https:\/\/vali.now\/de\/spenden\/#breadcrumb","itemListElement":[{"@type":"ListItem","position":1,"name":"Startseite","item":"https:\/\/vali.now\/de\/"},{"@type":"ListItem","position":2,"name":"Spenden"}]},{"@type":"WebSite","@id":"https:\/\/vali.now\/de\/#website","url":"https:\/\/vali.now\/de\/","name":"vali.now","description":"Cybertrust for Businesses and Individuals","publisher":{"@id":"https:\/\/vali.now\/de\/#organization"},"potentialAction":[{"@type":"SearchAction","target":{"@type":"EntryPoint","urlTemplate":"https:\/\/vali.now\/de\/?s={search_term_string}"},"query-input":{"@type":"PropertyValueSpecification","valueRequired":true,"valueName":"search_term_string"}}],"inLanguage":"de"},{"@type":"Organization","@id":"https:\/\/vali.now\/de\/#organization","name":"vali.now","url":"https:\/\/vali.now\/de\/","logo":{"@type":"ImageObject","inLanguage":"de","@id":"https:\/\/vali.now\/de\/#\/schema\/logo\/image\/","url":"https:\/\/vali.now\/wp-content\/uploads\/2025\/11\/cropped-IMG_5205.png","contentUrl":"https:\/\/vali.now\/wp-content\/uploads\/2025\/11\/cropped-IMG_5205.png","width":512,"height":512,"caption":"vali.now"},"image":{"@id":"https:\/\/vali.now\/de\/#\/schema\/logo\/image\/"},"sameAs":["https:\/\/x.com\/vali_now","https:\/\/www.linkedin.com\/company\/vali-now\/"]}]}},"jetpack_sharing_enabled":true,"_links":{"self":[{"href":"https:\/\/vali.now\/de\/wp-json\/wp\/v2\/pages\/1011","targetHints":{"allow":["GET"]}}],"collection":[{"href":"https:\/\/vali.now\/de\/wp-json\/wp\/v2\/pages"}],"about":[{"href":"https:\/\/vali.now\/de\/wp-json\/wp\/v2\/types\/page"}],"author":[{"embeddable":true,"href":"https:\/\/vali.now\/de\/wp-json\/wp\/v2\/users\/1"}],"replies":[{"embeddable":true,"href":"https:\/\/vali.now\/de\/wp-json\/wp\/v2\/comments?post=1011"}],"version-history":[{"count":3,"href":"https:\/\/vali.now\/de\/wp-json\/wp\/v2\/pages\/1011\/revisions"}],"predecessor-version":[{"id":1422,"href":"https:\/\/vali.now\/de\/wp-json\/wp\/v2\/pages\/1011\/revisions\/1422"}],"wp:attachment":[{"href":"https:\/\/vali.now\/de\/wp-json\/wp\/v2\/media?parent=1011"}],"wp:term":[{"taxonomy":"category","embeddable":true,"href":"https:\/\/vali.now\/de\/wp-json\/wp\/v2\/categories?post=1011"},{"taxonomy":"post_tag","embeddable":true,"href":"https:\/\/vali.now\/de\/wp-json\/wp\/v2\/tags?post=1011"}],"curies":[{"name":"wp","href":"https:\/\/api.w.org\/{rel}","templated":true}]}}