{"id":1572,"date":"2026-02-16T17:44:08","date_gmt":"2026-02-16T16:44:08","guid":{"rendered":"https:\/\/vali.now\/ariane-forensische-kamera-analyse\/"},"modified":"2026-03-03T21:20:40","modified_gmt":"2026-03-03T20:20:40","slug":"ariane-forensische-kamera-analyse","status":"publish","type":"page","link":"https:\/\/vali.now\/de\/ariane-forensische-kamera-analyse\/","title":{"rendered":"Ariane \u2013 Forensische Analyse f\u00fcr Strafverfolgungsbeh\u00f6rden"},"content":{"rendered":"\n<figure class=\"wp-block-image size-full\"><img loading=\"lazy\" decoding=\"async\" width=\"804\" height=\"374\" src=\"https:\/\/vali.now\/wp-content\/uploads\/2026\/02\/92407AD1-0023-41C3-B798-18676CD7CBA7-e1771322640164.jpeg\" alt=\"\" class=\"wp-image-1638\" srcset=\"https:\/\/vali.now\/wp-content\/uploads\/2026\/02\/92407AD1-0023-41C3-B798-18676CD7CBA7-e1771322640164.jpeg 804w, https:\/\/vali.now\/wp-content\/uploads\/2026\/02\/92407AD1-0023-41C3-B798-18676CD7CBA7-e1771322640164-300x140.jpeg 300w, https:\/\/vali.now\/wp-content\/uploads\/2026\/02\/92407AD1-0023-41C3-B798-18676CD7CBA7-e1771322640164-768x357.jpeg 768w, https:\/\/vali.now\/wp-content\/uploads\/2026\/02\/92407AD1-0023-41C3-B798-18676CD7CBA7-e1771322640164-400x186.jpeg 400w\" sizes=\"auto, (max-width: 804px) 100vw, 804px\" \/><\/figure>\n\n\n\n<h2 class=\"wp-block-heading\">Ariane ist ein spezialisiertes Tool f\u00fcr die forensische Analyse, das gezielt auf die Bed\u00fcrfnisse von Strafverfolgungsbeh\u00f6rden zugeschnitten ist. <\/h2>\n\n\n\n<p>Ariane erm\u00f6glicht es Ermittlern, eine Kamera anhand ihres einzigartigen PRNU-Fingerabdrucks eindeutig zu identifizieren und so die Herkunft von Bild- und Videomaterial zu verifizieren.<\/p>\n\n\n\n<p><strong>Technischer Workflow f\u00fcr die Vor-Ort-Ermittlung<\/strong><br>Der Kern von Ariane ist ein zweistufiger Prozess, der es Ermittlern vor Ort erm\u00f6glicht, eine schnelle, direkte und \u00fcberpr\u00fcfbare Verbindung zwischen einem physischen Ger\u00e4t und den darauf gespeicherten oder damit aufgenommenen Mediendateien herzustellen.<\/p>\n\n\n\n<p><strong>Ger\u00e4teregistrierung (\u201eEnrollment\u201c)<\/strong><br>Um ein sichergestelltes Ger\u00e4t (z. B. ein Smartphone) als Beweismittel zu nutzen, registriert der Ermittler es zun\u00e4chst. Dazu werden mehrere Referenzfotos mit der Kamera des Ger\u00e4ts aufgenommen. Ariane berechnet aus diesen Referenzfotos den stabilen PRNU-Fingerabdruck der Kamera und speichert diesen sicher ab. Das Ger\u00e4t ist somit als eindeutig identifizierbare Quelle im System registriert (\u201eenrolled\u201c).   <\/p>\n\n\n\n<p><strong>Analyse und Klassifizierung von Mediendateien<\/strong><br>Der Ermittler kann anschlie\u00dfend beliebige weitere Fotos und Videos hochladen \u2013 sei es aus dem Fotoarchiv des sichergestellten Ger\u00e4ts oder aus anderen Quellen. Ariane vergleicht jede Datei mit dem zuvor erstellten Fingerabdruck. Das Ergebnis ist eine klare Klassifizierung: Die Datei wurde entweder mit der registrierten Kamera aufgenommen oder stammt von einem anderen Ger\u00e4t. Dieser Prozess erm\u00f6glicht nicht nur die Verifizierung von Beweismitteln, sondern deckt auch komplexe T\u00e4terstrategien auf.   <\/p>\n\n\n\n<p><strong>Drei Anwendungsbeispiele f\u00fcr Ariane<\/strong><\/p>\n\n\n\n<p><strong>1. T\u00e4teridentifizierung und Beweissicherung:<\/strong><\/p>\n\n\n\n<ul class=\"wp-block-list\">\n<li><strong>Szenario:<\/strong> Bei einer Razzia werden mehrere Smartphones beschlagnahmt. Auf einem Ger\u00e4t (Ger\u00e4t A) werden belastende Fotos einer Straftat gefunden. <\/li>\n\n\n\n<li><strong>Einsatz von Ariane:<\/strong> Die Ermittler erfassen das Kameramaterial von Ger\u00e4t A. Anschlie\u00dfend laden sie alle auf Ger\u00e4t A gefundenen Fotos zur Analyse hoch. Ariane klassifiziert jedes Foto. Alle als \u201evon Ger\u00e4t A stammend\u201c identifizierten Fotos gelten als unwiderlegbar mit diesem physischen Beweismittel verkn\u00fcpft. Fotos, die als \u201evon einem anderen Ger\u00e4t stammend\u201c markiert sind, deuten darauf hin, dass der T\u00e4ter Material von Komplizen auf seinem Smartphone gespeichert hat.   <\/li>\n<\/ul>\n\n\n\n<p><strong>2. Aufdeckung von T\u00e4ternetzwerken und Ger\u00e4te-Clustern:<\/strong><\/p>\n\n\n\n<ul class=\"wp-block-list\">\n<li><strong>Szenario:<\/strong> Es besteht der Verdacht, dass mehrere Verd\u00e4chtige in einem Netzwerk agieren. Auf den Ger\u00e4ten verschiedener Verd\u00e4chtiger werden sich \u00fcberschneidende Fotoarchive gefunden. <\/li>\n\n\n\n<li><strong>Einsatz von Ariane:<\/strong> Die Ermittler registrieren die Kameras aller beschlagnahmten Ger\u00e4te (Ger\u00e4te A, B, C usw.). Beim Hochladen von Fotoarchiven vergleicht Ariane jede Datei nicht nur mit dem Fingerabdruck des Ger\u00e4ts, auf dem sie gefunden wurde, sondern auch mit der gesamten Datenbank der registrierten Ger\u00e4te. Wenn ein auf Ger\u00e4t A gefundenes Foto eindeutig der Kamera von Ger\u00e4t B zugeordnet wird, stellt dies einen forensischen Beweis f\u00fcr eine direkte Verbindung zwischen den beiden Verd\u00e4chtigen dar.  <\/li>\n<\/ul>\n\n\n\n<p><strong>3. \u00dcberpr\u00fcfung und Authentifizierung von Beweismitteln:<\/strong><\/p>\n\n\n\n<ul class=\"wp-block-list\">\n<li><strong>Szenario:<\/strong> Ein Gericht muss entscheiden, ob ein belastendes Video echt ist oder manipuliert wurde, um einen Angeklagten zu belasten.<\/li>\n\n\n\n<li><strong>Einsatz von Ariane:<\/strong> Das Video wird auf PRNU-Konsistenz gepr\u00fcft. Wenn der Video-Fingerabdruck inkonsistent ist oder nicht mit der Kamera \u00fcbereinstimmt, mit der es angeblich erstellt wurde, kann seine Authentizit\u00e4t widerlegt werden. Umgekehrt kann ein konsistenter PRNU-Fingerabdruck, der zu einer registrierten Kamera passt, die Glaubw\u00fcrdigkeit des Beweismittels st\u00e4rken.  <\/li>\n<\/ul>\n\n\n\n<p><strong>Dezentrale Forensik f\u00fcr die Ermittlungsquelle<\/strong><br>Zusammenfassend l\u00e4sst sich sagen, dass Ariane dezentral eingesetzt werden kann, wodurch forensische Kameraanalysen direkt, schnell und unkompliziert im Feld durchgef\u00fchrt werden k\u00f6nnen. Im Gegensatz zu zentralen forensischen Einheiten erm\u00f6glicht Ariane den ermittelnden Beamten eine sofortige Analyse vor Ort, was zu einer erheblichen Zeitersparnis f\u00fchrt. Gleichzeitig entlastet Ariane die Forensik-Experten in der \u201eZentrale\u201c, indem es als effizienter Filter dient und Routinepr\u00fcfungen erm\u00f6glicht. Experten k\u00f6nnen sich so auf komplexe F\u00e4lle konzentrieren. Dieses skalierbare Modell macht die Ermittlungsarbeit agiler, weniger abh\u00e4ngig von Kapazit\u00e4tsengp\u00e4ssen und letztlich effektiver. Ariane verlagert somit die Forensik von der zentralen Einheit direkt an die Ermittlungsquelle.     <\/p>\n\n\n\n<p><strong>Du m\u00f6chtest mehr \u00fcber Ariane erfahren?<\/strong><\/p>\n\n\n\n<div class=\"wp-block-buttons is-layout-flex wp-block-buttons-is-layout-flex\">\n<div class=\"wp-block-button is-style-outline is-style-outline--1\"><a class=\"wp-block-button__link wp-element-button\" href=\"https:\/\/vali.now\/de\/impressum\/\" style=\"border-top-left-radius:1px;border-top-right-radius:1px;border-bottom-left-radius:1px;border-bottom-right-radius:1px\"><strong>KONTAKTIEREN SIE UNS!<\/strong><\/a><\/div>\n<\/div>\n","protected":false},"excerpt":{"rendered":"<p>Ariane ist ein spezialisiertes Tool f\u00fcr die forensische Analyse, das gezielt auf die Bed\u00fcrfnisse von Strafverfolgungsbeh\u00f6rden zugeschnitten ist. Ariane erm\u00f6glicht es Ermittlern, eine Kamera anhand ihres einzigartigen PRNU-Fingerabdrucks eindeutig zu identifizieren und so die Herkunft von Bild- und Videomaterial zu verifizieren. Technischer Workflow f\u00fcr die Vor-Ort-ErmittlungDer Kern von Ariane ist ein zweistufiger Prozess, der es&hellip;<\/p>\n<p class=\"more-link\"><a href=\"https:\/\/vali.now\/de\/ariane-forensische-kamera-analyse\/\" class=\"themebutton3\">Mehr lesen<\/a><\/p>\n","protected":false},"author":1,"featured_media":1577,"parent":0,"menu_order":0,"comment_status":"closed","ping_status":"closed","template":"","meta":{"footnotes":""},"categories":[180,267,214,207],"tags":[269,270,268],"class_list":["post-1572","page","type-page","status-publish","has-post-thumbnail","hentry","category-deepfakes","category-forensik","category-ki","category-synthetische-medien","tag-ermittler","tag-ermittlung-vor-ort","tag-forensisch"],"yoast_head":"<!-- This site is optimized with the Yoast SEO plugin v27.4 - https:\/\/yoast.com\/product\/yoast-seo-wordpress\/ -->\n<title>Ariane \u2013 Forensische Analyse f\u00fcr Strafverfolgungsbeh\u00f6rden - vali.now<\/title>\n<meta name=\"robots\" content=\"index, follow, max-snippet:-1, max-image-preview:large, max-video-preview:-1\" \/>\n<link rel=\"canonical\" href=\"https:\/\/vali.now\/de\/ariane-forensische-kamera-analyse\/\" \/>\n<meta property=\"og:locale\" content=\"de_DE\" \/>\n<meta property=\"og:type\" content=\"article\" \/>\n<meta property=\"og:title\" content=\"Ariane \u2013 Forensische Analyse f\u00fcr Strafverfolgungsbeh\u00f6rden - vali.now\" \/>\n<meta property=\"og:description\" content=\"Ariane ist ein spezialisiertes Tool f\u00fcr die forensische Analyse, das gezielt auf die Bed\u00fcrfnisse von Strafverfolgungsbeh\u00f6rden zugeschnitten ist. Ariane erm\u00f6glicht es Ermittlern, eine Kamera anhand ihres einzigartigen PRNU-Fingerabdrucks eindeutig zu identifizieren und so die Herkunft von Bild- und Videomaterial zu verifizieren. Technischer Workflow f\u00fcr die Vor-Ort-ErmittlungDer Kern von Ariane ist ein zweistufiger Prozess, der es&hellip;Mehr lesen\" \/>\n<meta property=\"og:url\" content=\"https:\/\/vali.now\/de\/ariane-forensische-kamera-analyse\/\" \/>\n<meta property=\"og:site_name\" content=\"vali.now\" \/>\n<meta property=\"article:modified_time\" content=\"2026-03-03T20:20:40+00:00\" \/>\n<meta property=\"og:image\" content=\"https:\/\/vali.now\/wp-content\/uploads\/2026\/02\/A5E999A7-EA5D-4633-A544-A0AD33815022-e1771262606945.jpeg\" \/>\n\t<meta property=\"og:image:width\" content=\"804\" \/>\n\t<meta property=\"og:image:height\" content=\"439\" \/>\n\t<meta property=\"og:image:type\" content=\"image\/jpeg\" \/>\n<meta name=\"twitter:card\" content=\"summary_large_image\" \/>\n<meta name=\"twitter:site\" content=\"@vali_now\" \/>\n<meta name=\"twitter:label1\" content=\"Gesch\u00e4tzte Lesezeit\" \/>\n\t<meta name=\"twitter:data1\" content=\"3\u00a0Minuten\" \/>\n<script type=\"application\/ld+json\" class=\"yoast-schema-graph\">{\"@context\":\"https:\\\/\\\/schema.org\",\"@graph\":[{\"@type\":\"WebPage\",\"@id\":\"https:\\\/\\\/vali.now\\\/de\\\/ariane-forensische-kamera-analyse\\\/\",\"url\":\"https:\\\/\\\/vali.now\\\/de\\\/ariane-forensische-kamera-analyse\\\/\",\"name\":\"Ariane \u2013 Forensische Analyse f\u00fcr Strafverfolgungsbeh\u00f6rden - vali.now\",\"isPartOf\":{\"@id\":\"https:\\\/\\\/vali.now\\\/de\\\/#website\"},\"primaryImageOfPage\":{\"@id\":\"https:\\\/\\\/vali.now\\\/de\\\/ariane-forensische-kamera-analyse\\\/#primaryimage\"},\"image\":{\"@id\":\"https:\\\/\\\/vali.now\\\/de\\\/ariane-forensische-kamera-analyse\\\/#primaryimage\"},\"thumbnailUrl\":\"https:\\\/\\\/vali.now\\\/wp-content\\\/uploads\\\/2026\\\/02\\\/A5E999A7-EA5D-4633-A544-A0AD33815022-e1771262606945.jpeg\",\"datePublished\":\"2026-02-16T16:44:08+00:00\",\"dateModified\":\"2026-03-03T20:20:40+00:00\",\"breadcrumb\":{\"@id\":\"https:\\\/\\\/vali.now\\\/de\\\/ariane-forensische-kamera-analyse\\\/#breadcrumb\"},\"inLanguage\":\"de\",\"potentialAction\":[{\"@type\":\"ReadAction\",\"target\":[\"https:\\\/\\\/vali.now\\\/de\\\/ariane-forensische-kamera-analyse\\\/\"]}]},{\"@type\":\"ImageObject\",\"inLanguage\":\"de\",\"@id\":\"https:\\\/\\\/vali.now\\\/de\\\/ariane-forensische-kamera-analyse\\\/#primaryimage\",\"url\":\"https:\\\/\\\/vali.now\\\/wp-content\\\/uploads\\\/2026\\\/02\\\/A5E999A7-EA5D-4633-A544-A0AD33815022-e1771262606945.jpeg\",\"contentUrl\":\"https:\\\/\\\/vali.now\\\/wp-content\\\/uploads\\\/2026\\\/02\\\/A5E999A7-EA5D-4633-A544-A0AD33815022-e1771262606945.jpeg\",\"width\":804,\"height\":439},{\"@type\":\"BreadcrumbList\",\"@id\":\"https:\\\/\\\/vali.now\\\/de\\\/ariane-forensische-kamera-analyse\\\/#breadcrumb\",\"itemListElement\":[{\"@type\":\"ListItem\",\"position\":1,\"name\":\"Startseite\",\"item\":\"https:\\\/\\\/vali.now\\\/de\\\/home\\\/\"},{\"@type\":\"ListItem\",\"position\":2,\"name\":\"Ariane \u2013 Forensische Analyse f\u00fcr Strafverfolgungsbeh\u00f6rden\"}]},{\"@type\":\"WebSite\",\"@id\":\"https:\\\/\\\/vali.now\\\/de\\\/#website\",\"url\":\"https:\\\/\\\/vali.now\\\/de\\\/\",\"name\":\"vali.now\",\"description\":\"Cybertrust for Businesses and Individuals\",\"publisher\":{\"@id\":\"https:\\\/\\\/vali.now\\\/de\\\/#organization\"},\"potentialAction\":[{\"@type\":\"SearchAction\",\"target\":{\"@type\":\"EntryPoint\",\"urlTemplate\":\"https:\\\/\\\/vali.now\\\/de\\\/?s={search_term_string}\"},\"query-input\":{\"@type\":\"PropertyValueSpecification\",\"valueRequired\":true,\"valueName\":\"search_term_string\"}}],\"inLanguage\":\"de\"},{\"@type\":\"Organization\",\"@id\":\"https:\\\/\\\/vali.now\\\/de\\\/#organization\",\"name\":\"vali.now\",\"url\":\"https:\\\/\\\/vali.now\\\/de\\\/\",\"logo\":{\"@type\":\"ImageObject\",\"inLanguage\":\"de\",\"@id\":\"https:\\\/\\\/vali.now\\\/de\\\/#\\\/schema\\\/logo\\\/image\\\/\",\"url\":\"https:\\\/\\\/vali.now\\\/wp-content\\\/uploads\\\/2025\\\/11\\\/cropped-IMG_5205.png\",\"contentUrl\":\"https:\\\/\\\/vali.now\\\/wp-content\\\/uploads\\\/2025\\\/11\\\/cropped-IMG_5205.png\",\"width\":512,\"height\":512,\"caption\":\"vali.now\"},\"image\":{\"@id\":\"https:\\\/\\\/vali.now\\\/de\\\/#\\\/schema\\\/logo\\\/image\\\/\"},\"sameAs\":[\"https:\\\/\\\/x.com\\\/vali_now\",\"https:\\\/\\\/www.linkedin.com\\\/company\\\/vali-now\\\/\"]}]}<\/script>\n<!-- \/ Yoast SEO plugin. -->","yoast_head_json":{"title":"Ariane \u2013 Forensische Analyse f\u00fcr Strafverfolgungsbeh\u00f6rden - vali.now","robots":{"index":"index","follow":"follow","max-snippet":"max-snippet:-1","max-image-preview":"max-image-preview:large","max-video-preview":"max-video-preview:-1"},"canonical":"https:\/\/vali.now\/de\/ariane-forensische-kamera-analyse\/","og_locale":"de_DE","og_type":"article","og_title":"Ariane \u2013 Forensische Analyse f\u00fcr Strafverfolgungsbeh\u00f6rden - vali.now","og_description":"Ariane ist ein spezialisiertes Tool f\u00fcr die forensische Analyse, das gezielt auf die Bed\u00fcrfnisse von Strafverfolgungsbeh\u00f6rden zugeschnitten ist. Ariane erm\u00f6glicht es Ermittlern, eine Kamera anhand ihres einzigartigen PRNU-Fingerabdrucks eindeutig zu identifizieren und so die Herkunft von Bild- und Videomaterial zu verifizieren. Technischer Workflow f\u00fcr die Vor-Ort-ErmittlungDer Kern von Ariane ist ein zweistufiger Prozess, der es&hellip;Mehr lesen","og_url":"https:\/\/vali.now\/de\/ariane-forensische-kamera-analyse\/","og_site_name":"vali.now","article_modified_time":"2026-03-03T20:20:40+00:00","og_image":[{"width":804,"height":439,"url":"https:\/\/vali.now\/wp-content\/uploads\/2026\/02\/A5E999A7-EA5D-4633-A544-A0AD33815022-e1771262606945.jpeg","type":"image\/jpeg"}],"twitter_card":"summary_large_image","twitter_site":"@vali_now","twitter_misc":{"Gesch\u00e4tzte Lesezeit":"3\u00a0Minuten"},"schema":{"@context":"https:\/\/schema.org","@graph":[{"@type":"WebPage","@id":"https:\/\/vali.now\/de\/ariane-forensische-kamera-analyse\/","url":"https:\/\/vali.now\/de\/ariane-forensische-kamera-analyse\/","name":"Ariane \u2013 Forensische Analyse f\u00fcr Strafverfolgungsbeh\u00f6rden - vali.now","isPartOf":{"@id":"https:\/\/vali.now\/de\/#website"},"primaryImageOfPage":{"@id":"https:\/\/vali.now\/de\/ariane-forensische-kamera-analyse\/#primaryimage"},"image":{"@id":"https:\/\/vali.now\/de\/ariane-forensische-kamera-analyse\/#primaryimage"},"thumbnailUrl":"https:\/\/vali.now\/wp-content\/uploads\/2026\/02\/A5E999A7-EA5D-4633-A544-A0AD33815022-e1771262606945.jpeg","datePublished":"2026-02-16T16:44:08+00:00","dateModified":"2026-03-03T20:20:40+00:00","breadcrumb":{"@id":"https:\/\/vali.now\/de\/ariane-forensische-kamera-analyse\/#breadcrumb"},"inLanguage":"de","potentialAction":[{"@type":"ReadAction","target":["https:\/\/vali.now\/de\/ariane-forensische-kamera-analyse\/"]}]},{"@type":"ImageObject","inLanguage":"de","@id":"https:\/\/vali.now\/de\/ariane-forensische-kamera-analyse\/#primaryimage","url":"https:\/\/vali.now\/wp-content\/uploads\/2026\/02\/A5E999A7-EA5D-4633-A544-A0AD33815022-e1771262606945.jpeg","contentUrl":"https:\/\/vali.now\/wp-content\/uploads\/2026\/02\/A5E999A7-EA5D-4633-A544-A0AD33815022-e1771262606945.jpeg","width":804,"height":439},{"@type":"BreadcrumbList","@id":"https:\/\/vali.now\/de\/ariane-forensische-kamera-analyse\/#breadcrumb","itemListElement":[{"@type":"ListItem","position":1,"name":"Startseite","item":"https:\/\/vali.now\/de\/home\/"},{"@type":"ListItem","position":2,"name":"Ariane \u2013 Forensische Analyse f\u00fcr Strafverfolgungsbeh\u00f6rden"}]},{"@type":"WebSite","@id":"https:\/\/vali.now\/de\/#website","url":"https:\/\/vali.now\/de\/","name":"vali.now","description":"Cybertrust for Businesses and Individuals","publisher":{"@id":"https:\/\/vali.now\/de\/#organization"},"potentialAction":[{"@type":"SearchAction","target":{"@type":"EntryPoint","urlTemplate":"https:\/\/vali.now\/de\/?s={search_term_string}"},"query-input":{"@type":"PropertyValueSpecification","valueRequired":true,"valueName":"search_term_string"}}],"inLanguage":"de"},{"@type":"Organization","@id":"https:\/\/vali.now\/de\/#organization","name":"vali.now","url":"https:\/\/vali.now\/de\/","logo":{"@type":"ImageObject","inLanguage":"de","@id":"https:\/\/vali.now\/de\/#\/schema\/logo\/image\/","url":"https:\/\/vali.now\/wp-content\/uploads\/2025\/11\/cropped-IMG_5205.png","contentUrl":"https:\/\/vali.now\/wp-content\/uploads\/2025\/11\/cropped-IMG_5205.png","width":512,"height":512,"caption":"vali.now"},"image":{"@id":"https:\/\/vali.now\/de\/#\/schema\/logo\/image\/"},"sameAs":["https:\/\/x.com\/vali_now","https:\/\/www.linkedin.com\/company\/vali-now\/"]}]}},"jetpack_sharing_enabled":true,"_links":{"self":[{"href":"https:\/\/vali.now\/de\/wp-json\/wp\/v2\/pages\/1572","targetHints":{"allow":["GET"]}}],"collection":[{"href":"https:\/\/vali.now\/de\/wp-json\/wp\/v2\/pages"}],"about":[{"href":"https:\/\/vali.now\/de\/wp-json\/wp\/v2\/types\/page"}],"author":[{"embeddable":true,"href":"https:\/\/vali.now\/de\/wp-json\/wp\/v2\/users\/1"}],"replies":[{"embeddable":true,"href":"https:\/\/vali.now\/de\/wp-json\/wp\/v2\/comments?post=1572"}],"version-history":[{"count":10,"href":"https:\/\/vali.now\/de\/wp-json\/wp\/v2\/pages\/1572\/revisions"}],"predecessor-version":[{"id":1816,"href":"https:\/\/vali.now\/de\/wp-json\/wp\/v2\/pages\/1572\/revisions\/1816"}],"wp:featuredmedia":[{"embeddable":true,"href":"https:\/\/vali.now\/de\/wp-json\/wp\/v2\/media\/1577"}],"wp:attachment":[{"href":"https:\/\/vali.now\/de\/wp-json\/wp\/v2\/media?parent=1572"}],"wp:term":[{"taxonomy":"category","embeddable":true,"href":"https:\/\/vali.now\/de\/wp-json\/wp\/v2\/categories?post=1572"},{"taxonomy":"post_tag","embeddable":true,"href":"https:\/\/vali.now\/de\/wp-json\/wp\/v2\/tags?post=1572"}],"curies":[{"name":"wp","href":"https:\/\/api.w.org\/{rel}","templated":true}]}}