{"id":1676,"date":"2026-03-01T09:43:45","date_gmt":"2026-03-01T08:43:45","guid":{"rendered":"https:\/\/vali.now\/?page_id=1676"},"modified":"2026-03-05T19:13:01","modified_gmt":"2026-03-05T18:13:01","slug":"ariane-forensische-bildanalyse","status":"publish","type":"page","link":"https:\/\/vali.now\/de\/ariane-forensische-bildanalyse\/","title":{"rendered":"Veritas \u2013 Bildintegrit\u00e4t f\u00fcr die Wissenschaft"},"content":{"rendered":"\n<figure class=\"wp-block-image size-full\"><img loading=\"lazy\" decoding=\"async\" width=\"2046\" height=\"1056\" src=\"https:\/\/vali.now\/wp-content\/uploads\/2026\/03\/805F7B66-E087-4ECA-A03A-767C63AF21C5.jpeg\" alt=\"\" class=\"wp-image-1678\" srcset=\"https:\/\/vali.now\/wp-content\/uploads\/2026\/03\/805F7B66-E087-4ECA-A03A-767C63AF21C5.jpeg 2046w, https:\/\/vali.now\/wp-content\/uploads\/2026\/03\/805F7B66-E087-4ECA-A03A-767C63AF21C5-300x155.jpeg 300w, https:\/\/vali.now\/wp-content\/uploads\/2026\/03\/805F7B66-E087-4ECA-A03A-767C63AF21C5-1024x529.jpeg 1024w, https:\/\/vali.now\/wp-content\/uploads\/2026\/03\/805F7B66-E087-4ECA-A03A-767C63AF21C5-768x396.jpeg 768w, https:\/\/vali.now\/wp-content\/uploads\/2026\/03\/805F7B66-E087-4ECA-A03A-767C63AF21C5-1536x793.jpeg 1536w, https:\/\/vali.now\/wp-content\/uploads\/2026\/03\/805F7B66-E087-4ECA-A03A-767C63AF21C5-1320x681.jpeg 1320w, https:\/\/vali.now\/wp-content\/uploads\/2026\/03\/805F7B66-E087-4ECA-A03A-767C63AF21C5-400x206.jpeg 400w\" sizes=\"auto, (max-width: 2046px) 100vw, 2046px\" \/><\/figure>\n\n<h2 class=\"wp-block-heading\">Veritas ist ein Werkzeug zur forensischen Bildanalyse, das speziell f\u00fcr die wissenschaftliche Forschung entwickelt wurde. <\/h2>\n\n<p>Veritas ist ein spezielles Analysetool f\u00fcr die forensische Analyse wissenschaftlicher Bilder, das speziell auf die Bed\u00fcrfnisse von Forschungseinrichtungen, wissenschaftlichen Verlagen und Ethikkommissionen zugeschnitten ist. Veritas erm\u00f6glicht es Gutachtern, eine hochzuverl\u00e4ssige Verbindung zwischen einem physischen Aufnahmeger\u00e4t (z. B. einer Mikroskopkamera) und den in einer wissenschaftlichen Studie verwendeten oder ver\u00f6ffentlichten Bilddaten herzustellen. Dies liefert aussagekr\u00e4ftige Beweise zur \u00dcberpr\u00fcfung der wissenschaftlichen Integrit\u00e4t. <\/p>\n\n<h2 class=\"wp-block-heading\">Ein moderner Ansatz zur Integrit\u00e4tssicherung<\/h2>\n\n<p>Im Mittelpunkt von Veritas steht ein zweistufiger Prozess, der Gutachtern erm\u00f6glicht, eine schnelle, direkte und \u00fcberpr\u00fcfbare Verbindung zwischen einem physischen Aufnahmeger\u00e4t und den in einer wissenschaftlichen Studie verwendeten Bilddaten herzustellen. Dieser Workflow ist f\u00fcr die Integration in bestehende Labor- und Publikationspipelines konzipiert und verlagert die forensische F\u00e4higkeit von einem zentralisierten Engpass zu einem zug\u00e4nglichen, internen Entscheidungsunterst\u00fctzungstool. <\/p>\n\n<ol class=\"wp-block-list\">\n<li><strong>Laborintegrit\u00e4tszertifizierung<\/strong> (\u201eGer\u00e4teregistrierung\u201c)<\/li>\n<\/ol>\n\n<p>Um ein Ger\u00e4t in einem Labor als zuverl\u00e4ssige Quelle zu zertifizieren, leitet der Pr\u00fcfer einen Prozess zur Laborintegrit\u00e4tszertifizierung ein. Dies beinhaltet die Aufnahme mehrerer Referenzbilder mit der Kamera des Ger\u00e4ts (z. B. einem Western-Blot-Scanner oder einer Fluoreszenzmikroskopkamera). Veritas verwendet diese Referenzbilder, um den stabilen PRNU-Fingerabdruck der Kamera zu berechnen und sicher zu speichern. Das Ger\u00e4t wird dann als authentische Quelle wissenschaftlicher Bilddaten zertifiziert und im System registriert. Dieser Prozess erstellt eine grundlegende, manipulationssichere Aufzeichnung der Bildgebungsger\u00e4te eines Labors und erh\u00f6ht dessen langfristige Glaubw\u00fcrdigkeit.    <\/p>\n\n<ol start=\"2\" class=\"wp-block-list\">\n<li><strong>Analyse und Konfidenzbewertung von Bilddaten<\/strong><\/li>\n<\/ol>\n\n<p>Der Pr\u00fcfer kann dann beliebige Bilder aus einer wissenschaftlichen Publikation oder einem Datensatz hochladen. Veritas vergleicht jede Datei mit den zuvor erstellten Fingerabdr\u00fccken der registrierten Laborger\u00e4te. Das Ergebnis ist kein einfacher Bin\u00e4rwert, sondern ein \u201e<em>Konfidenzwert und \u00c4hnlichkeitsindex<\/em>\u201c, der die Wahrscheinlichkeit quantifiziert, dass das Bild von einem bestimmten Ger\u00e4t stammt. Diese nuancierte Ausgabe bietet eine robuste wissenschaftliche Grundlage f\u00fcr weitere Untersuchungen und kennzeichnet Bilder, die von erwarteten Mustern abweichen, zur Expertenpr\u00fcfung. Dieser Prozess erm\u00f6glicht nicht nur die \u00dcberpr\u00fcfung von Forschungsdaten, sondern deckt auch komplexe Manipulationsstrategien auf, die sonst unbemerkt bleiben k\u00f6nnten.    <\/p>\n\n<h2 class=\"wp-block-heading\">Kernanwendungen: St\u00e4rkung der wissenschaftlichen Integrit\u00e4t<\/h2>\n\n<ol class=\"wp-block-list\">\n<li><strong>Validierung von Publikationen und Erkennung von Manipulationen<\/strong><\/li>\n<\/ol>\n\n<ul class=\"wp-block-list\">\n<li><strong>Szenario: <\/strong>Eine wissenschaftliche Zeitschrift erh\u00e4lt eine Einreichung mit beeindruckenden Ergebnissen. Die Abbildungen zeigen Western Blots und Mikroskopiebilder. <\/li>\n\n\n\n<li><strong>Einsatz von Veritas:<\/strong> Der Reviewer registriert die Kameras der Ger\u00e4te, die im Labor des Autors verwendet werden. Veritas analysiert alle eingereichten Bilder und liefert f\u00fcr jedes einen Vertrauenswert. Bilder mit hohen Werten, die zum registrierten Ger\u00e4t passen, gelten als authentisch. Bilder mit niedrigen Werten oder inkonsistenten PRNU-Mustern werden als Anomalien markiert, was auf m\u00f6gliche Manipulation hindeutet \u2013 z. B. das Kopieren und Einf\u00fcgen von Banden aus anderen Experimenten oder die Verwendung von Stockfotos. Das liefert dem Redaktionsteam klare, umsetzbare Belege.    <\/li>\n<\/ul>\n\n<ol start=\"2\" class=\"wp-block-list\">\n<li><strong>Forensische Erkennung von \u201ePaper Mills\u201c und Autorennetzwerken<\/strong><\/li>\n<\/ol>\n\n<ul class=\"wp-block-list\">\n<li><strong>Szenario:<\/strong> Es besteht der Verdacht, dass mehrere Publikationen verschiedener Autoren aus unterschiedlichen Instituten auf denselben gef\u00e4lschten Datens\u00e4tzen basieren.<\/li>\n\n\n\n<li><strong>Einsatz von Veritas:<\/strong> Hier gl\u00e4nzt Veritas. Gutachter analysieren Bilder aus den verschiedenen Publikationen. Auch ohne das Originalger\u00e4t kann Veritas feststellen, dass Bilder in Paper A (Autor X) und Paper B (Autor Y) einen identischen zugrunde liegenden PRNU-Fingerabdruck teilen, der auf eine einzige, nicht registrierte Quelle zur\u00fcckzuf\u00fchren ist. Dies ist ein aussagekr\u00e4ftiger forensischer Beweis f\u00fcr eine gemeinsame Datenquelle und belegt die Aktivit\u00e4t einer \u201ePaper Mill\u201c.     <\/li>\n<\/ul>\n\n<ol start=\"3\" class=\"wp-block-list\">\n<li><strong>Retrospektive forensische Bewertung<\/strong><\/li>\n<\/ol>\n\n<ul class=\"wp-block-list\">\n<li><strong>Szenario:<\/strong> Eine Universit\u00e4t erh\u00e4lt einen Hinweis auf potenziellen Datenbetrug in einer vor Jahren ver\u00f6ffentlichten Doktorarbeit. Die Originalger\u00e4te sind m\u00f6glicherweise nicht mehr verf\u00fcgbar. <\/li>\n\n\n\n<li><strong>Einsatz von Veritas:<\/strong> Die in der Arbeit enthaltenen Bilder werden auf interne PRNU-Konsistenz analysiert. Veritas kann feststellen, ob alle Bilder, die angeblich aus derselben Versuchsreihe stammen, einen gemeinsamen Fingerabdruck aufweisen. Inkonsistenzen im Fingerabdruck sind ein starker Hinweis auf nachtr\u00e4gliche Bildmanipulationen und k\u00f6nnen die Grundlage f\u00fcr eine formelle Untersuchung wissenschaftlicher Falschdarstellungen bilden.  <\/li>\n<\/ul>\n\n<h2 class=\"wp-block-heading\">Dezentrale Integrit\u00e4tssicherung an der Quelle<\/h2>\n\n<p>Veritas ist als \u201e<em>Entscheidungsunterst\u00fctzungstool<\/em>\u201c f\u00fcr den dezentralen Einsatz konzipiert und erm\u00f6glicht, forensische Bildanalysen direkt, schnell und einfach an Forschungseinrichtungen oder Verlagen durchzuf\u00fchren. Im Gegensatz zu teuren externen Gutachten liefert Veritas eine sofortige Analyse und spart dadurch erheblich Zeit. Es dient als effizienter Filter f\u00fcr Routinepr\u00fcfungen und stattet Integrit\u00e4tsbeauftragte, Redakteure und Reviewer mit aussagekr\u00e4ftigen Belegen aus, w\u00e4hrend die endg\u00fcltige Bewertung dem menschlichen Expertenurteil \u00fcberlassen bleibt. Dieses skalierbare Modell macht die Qualit\u00e4tssicherung agiler und wirksamer und l\u00e4sst sich nahtlos in moderne wissenschaftliche Workflows integrieren.   <\/p>\n\n<h2 class=\"wp-block-heading\">Entwickelt f\u00fcr moderne Forschungs\u00f6kosysteme<\/h2>\n\n<p>Veritas ist so konzipiert, dass es sich in die tats\u00e4chliche Arbeitsweise der Wissenschaft einf\u00fcgt. Wir bieten Tools und APIs zur Integration in bestehende Systeme: <\/p>\n\n<ul class=\"wp-block-list\">\n<li><strong>Bildanalyse-Plugins: <\/strong>Arbeite in den Umgebungen, die du bereits nutzt, mit Plugins f\u00fcr g\u00e4ngige wissenschaftliche Bildsoftware.<\/li>\n\n\n\n<li><strong>LIMS-Konnektivit\u00e4t:<\/strong> Verkn\u00fcpfe dein Laborinformationsmanagementsystem, um ein aktuelles, zertifiziertes Inventar deiner Bildgebungsger\u00e4te zu pflegen.<\/li>\n\n\n\n<li><strong>Integration in Einreichungssysteme:<\/strong> Verlage k\u00f6nnen die Veritas-Analyse direkt in ihre Manuskripteinreichungsplattformen integrieren, um automatisierte Vorabpr\u00fcfungen durchzuf\u00fchren.<\/li>\n<\/ul>\n\n<p><strong>Sie m\u00f6chten mehr \u00fcber Veritas erfahren?<\/strong><\/p>\n\n<div class=\"wp-block-buttons is-layout-flex wp-block-buttons-is-layout-flex\">\n<div class=\"wp-block-button is-style-outline is-style-outline--1\"><a class=\"wp-block-button__link wp-element-button\" href=\"https:\/\/vali.now\/de\/impressum\/\" style=\"border-top-left-radius:1px;border-top-right-radius:1px;border-bottom-left-radius:1px;border-bottom-right-radius:1px\"><strong>KONTAKTIERE UNS!<\/strong><\/a><\/div>\n<\/div>\n","protected":false},"excerpt":{"rendered":"<p>Veritas ist ein Werkzeug zur forensischen Bildanalyse, das speziell f\u00fcr die wissenschaftliche Forschung entwickelt wurde. Veritas ist ein spezielles Analysetool f\u00fcr die forensische Analyse wissenschaftlicher Bilder, das speziell auf die Bed\u00fcrfnisse von Forschungseinrichtungen, wissenschaftlichen Verlagen und Ethikkommissionen zugeschnitten ist. Veritas erm\u00f6glicht es Gutachtern, eine hochzuverl\u00e4ssige Verbindung zwischen einem physischen Aufnahmeger\u00e4t (z. B. einer Mikroskopkamera) und&hellip;<\/p>\n<p class=\"more-link\"><a href=\"https:\/\/vali.now\/de\/ariane-forensische-bildanalyse\/\" class=\"themebutton3\">Mehr lesen<\/a><\/p>\n","protected":false},"author":1,"featured_media":1577,"parent":0,"menu_order":0,"comment_status":"closed","ping_status":"closed","template":"","meta":{"footnotes":""},"categories":[180,267,214,207,284],"tags":[268,286,287,285],"class_list":["post-1676","page","type-page","status-publish","has-post-thumbnail","hentry","category-deepfakes","category-forensik","category-ki","category-synthetische-medien","category-wissenschaftliche-forschung","tag-forensisch","tag-forensische-analyse","tag-medizinische-forschung","tag-wissenschaftliche-integritat"],"yoast_head":"<!-- This site is optimized with the Yoast SEO plugin v27.4 - https:\/\/yoast.com\/product\/yoast-seo-wordpress\/ -->\n<title>Veritas \u2013 Bildintegrit\u00e4t f\u00fcr die Wissenschaft - vali.now<\/title>\n<meta name=\"robots\" content=\"index, follow, max-snippet:-1, max-image-preview:large, max-video-preview:-1\" \/>\n<link rel=\"canonical\" href=\"https:\/\/vali.now\/de\/ariane-forensische-bildanalyse\/\" \/>\n<meta property=\"og:locale\" content=\"de_DE\" \/>\n<meta property=\"og:type\" content=\"article\" \/>\n<meta property=\"og:title\" content=\"Veritas \u2013 Bildintegrit\u00e4t f\u00fcr die Wissenschaft - vali.now\" \/>\n<meta property=\"og:description\" content=\"Veritas ist ein Werkzeug zur forensischen Bildanalyse, das speziell f\u00fcr die wissenschaftliche Forschung entwickelt wurde. Veritas ist ein spezielles Analysetool f\u00fcr die forensische Analyse wissenschaftlicher Bilder, das speziell auf die Bed\u00fcrfnisse von Forschungseinrichtungen, wissenschaftlichen Verlagen und Ethikkommissionen zugeschnitten ist. Veritas erm\u00f6glicht es Gutachtern, eine hochzuverl\u00e4ssige Verbindung zwischen einem physischen Aufnahmeger\u00e4t (z. B. einer Mikroskopkamera) und&hellip;Mehr lesen\" \/>\n<meta property=\"og:url\" content=\"https:\/\/vali.now\/de\/ariane-forensische-bildanalyse\/\" \/>\n<meta property=\"og:site_name\" content=\"vali.now\" \/>\n<meta property=\"article:modified_time\" content=\"2026-03-05T18:13:01+00:00\" \/>\n<meta property=\"og:image\" content=\"https:\/\/vali.now\/wp-content\/uploads\/2026\/02\/A5E999A7-EA5D-4633-A544-A0AD33815022-e1771262606945.jpeg\" \/>\n\t<meta property=\"og:image:width\" content=\"804\" \/>\n\t<meta property=\"og:image:height\" content=\"439\" \/>\n\t<meta property=\"og:image:type\" content=\"image\/jpeg\" \/>\n<meta name=\"twitter:card\" content=\"summary_large_image\" \/>\n<meta name=\"twitter:site\" content=\"@vali_now\" \/>\n<meta name=\"twitter:label1\" content=\"Gesch\u00e4tzte Lesezeit\" \/>\n\t<meta name=\"twitter:data1\" content=\"4\u00a0Minuten\" \/>\n<script type=\"application\/ld+json\" class=\"yoast-schema-graph\">{\"@context\":\"https:\\\/\\\/schema.org\",\"@graph\":[{\"@type\":\"WebPage\",\"@id\":\"https:\\\/\\\/vali.now\\\/de\\\/ariane-forensische-bildanalyse\\\/\",\"url\":\"https:\\\/\\\/vali.now\\\/de\\\/ariane-forensische-bildanalyse\\\/\",\"name\":\"Veritas \u2013 Bildintegrit\u00e4t f\u00fcr die Wissenschaft - vali.now\",\"isPartOf\":{\"@id\":\"https:\\\/\\\/vali.now\\\/de\\\/#website\"},\"primaryImageOfPage\":{\"@id\":\"https:\\\/\\\/vali.now\\\/de\\\/ariane-forensische-bildanalyse\\\/#primaryimage\"},\"image\":{\"@id\":\"https:\\\/\\\/vali.now\\\/de\\\/ariane-forensische-bildanalyse\\\/#primaryimage\"},\"thumbnailUrl\":\"https:\\\/\\\/vali.now\\\/wp-content\\\/uploads\\\/2026\\\/02\\\/A5E999A7-EA5D-4633-A544-A0AD33815022-e1771262606945.jpeg\",\"datePublished\":\"2026-03-01T08:43:45+00:00\",\"dateModified\":\"2026-03-05T18:13:01+00:00\",\"breadcrumb\":{\"@id\":\"https:\\\/\\\/vali.now\\\/de\\\/ariane-forensische-bildanalyse\\\/#breadcrumb\"},\"inLanguage\":\"de\",\"potentialAction\":[{\"@type\":\"ReadAction\",\"target\":[\"https:\\\/\\\/vali.now\\\/de\\\/ariane-forensische-bildanalyse\\\/\"]}]},{\"@type\":\"ImageObject\",\"inLanguage\":\"de\",\"@id\":\"https:\\\/\\\/vali.now\\\/de\\\/ariane-forensische-bildanalyse\\\/#primaryimage\",\"url\":\"https:\\\/\\\/vali.now\\\/wp-content\\\/uploads\\\/2026\\\/02\\\/A5E999A7-EA5D-4633-A544-A0AD33815022-e1771262606945.jpeg\",\"contentUrl\":\"https:\\\/\\\/vali.now\\\/wp-content\\\/uploads\\\/2026\\\/02\\\/A5E999A7-EA5D-4633-A544-A0AD33815022-e1771262606945.jpeg\",\"width\":804,\"height\":439},{\"@type\":\"BreadcrumbList\",\"@id\":\"https:\\\/\\\/vali.now\\\/de\\\/ariane-forensische-bildanalyse\\\/#breadcrumb\",\"itemListElement\":[{\"@type\":\"ListItem\",\"position\":1,\"name\":\"Startseite\",\"item\":\"https:\\\/\\\/vali.now\\\/de\\\/home\\\/\"},{\"@type\":\"ListItem\",\"position\":2,\"name\":\"Veritas \u2013 Bildintegrit\u00e4t f\u00fcr die Wissenschaft\"}]},{\"@type\":\"WebSite\",\"@id\":\"https:\\\/\\\/vali.now\\\/de\\\/#website\",\"url\":\"https:\\\/\\\/vali.now\\\/de\\\/\",\"name\":\"vali.now\",\"description\":\"Cybertrust for Businesses and Individuals\",\"publisher\":{\"@id\":\"https:\\\/\\\/vali.now\\\/de\\\/#organization\"},\"potentialAction\":[{\"@type\":\"SearchAction\",\"target\":{\"@type\":\"EntryPoint\",\"urlTemplate\":\"https:\\\/\\\/vali.now\\\/de\\\/?s={search_term_string}\"},\"query-input\":{\"@type\":\"PropertyValueSpecification\",\"valueRequired\":true,\"valueName\":\"search_term_string\"}}],\"inLanguage\":\"de\"},{\"@type\":\"Organization\",\"@id\":\"https:\\\/\\\/vali.now\\\/de\\\/#organization\",\"name\":\"vali.now\",\"url\":\"https:\\\/\\\/vali.now\\\/de\\\/\",\"logo\":{\"@type\":\"ImageObject\",\"inLanguage\":\"de\",\"@id\":\"https:\\\/\\\/vali.now\\\/de\\\/#\\\/schema\\\/logo\\\/image\\\/\",\"url\":\"https:\\\/\\\/vali.now\\\/wp-content\\\/uploads\\\/2025\\\/11\\\/cropped-IMG_5205.png\",\"contentUrl\":\"https:\\\/\\\/vali.now\\\/wp-content\\\/uploads\\\/2025\\\/11\\\/cropped-IMG_5205.png\",\"width\":512,\"height\":512,\"caption\":\"vali.now\"},\"image\":{\"@id\":\"https:\\\/\\\/vali.now\\\/de\\\/#\\\/schema\\\/logo\\\/image\\\/\"},\"sameAs\":[\"https:\\\/\\\/x.com\\\/vali_now\",\"https:\\\/\\\/www.linkedin.com\\\/company\\\/vali-now\\\/\"]}]}<\/script>\n<!-- \/ Yoast SEO plugin. -->","yoast_head_json":{"title":"Veritas \u2013 Bildintegrit\u00e4t f\u00fcr die Wissenschaft - vali.now","robots":{"index":"index","follow":"follow","max-snippet":"max-snippet:-1","max-image-preview":"max-image-preview:large","max-video-preview":"max-video-preview:-1"},"canonical":"https:\/\/vali.now\/de\/ariane-forensische-bildanalyse\/","og_locale":"de_DE","og_type":"article","og_title":"Veritas \u2013 Bildintegrit\u00e4t f\u00fcr die Wissenschaft - vali.now","og_description":"Veritas ist ein Werkzeug zur forensischen Bildanalyse, das speziell f\u00fcr die wissenschaftliche Forschung entwickelt wurde. Veritas ist ein spezielles Analysetool f\u00fcr die forensische Analyse wissenschaftlicher Bilder, das speziell auf die Bed\u00fcrfnisse von Forschungseinrichtungen, wissenschaftlichen Verlagen und Ethikkommissionen zugeschnitten ist. Veritas erm\u00f6glicht es Gutachtern, eine hochzuverl\u00e4ssige Verbindung zwischen einem physischen Aufnahmeger\u00e4t (z. B. einer Mikroskopkamera) und&hellip;Mehr lesen","og_url":"https:\/\/vali.now\/de\/ariane-forensische-bildanalyse\/","og_site_name":"vali.now","article_modified_time":"2026-03-05T18:13:01+00:00","og_image":[{"width":804,"height":439,"url":"https:\/\/vali.now\/wp-content\/uploads\/2026\/02\/A5E999A7-EA5D-4633-A544-A0AD33815022-e1771262606945.jpeg","type":"image\/jpeg"}],"twitter_card":"summary_large_image","twitter_site":"@vali_now","twitter_misc":{"Gesch\u00e4tzte Lesezeit":"4\u00a0Minuten"},"schema":{"@context":"https:\/\/schema.org","@graph":[{"@type":"WebPage","@id":"https:\/\/vali.now\/de\/ariane-forensische-bildanalyse\/","url":"https:\/\/vali.now\/de\/ariane-forensische-bildanalyse\/","name":"Veritas \u2013 Bildintegrit\u00e4t f\u00fcr die Wissenschaft - vali.now","isPartOf":{"@id":"https:\/\/vali.now\/de\/#website"},"primaryImageOfPage":{"@id":"https:\/\/vali.now\/de\/ariane-forensische-bildanalyse\/#primaryimage"},"image":{"@id":"https:\/\/vali.now\/de\/ariane-forensische-bildanalyse\/#primaryimage"},"thumbnailUrl":"https:\/\/vali.now\/wp-content\/uploads\/2026\/02\/A5E999A7-EA5D-4633-A544-A0AD33815022-e1771262606945.jpeg","datePublished":"2026-03-01T08:43:45+00:00","dateModified":"2026-03-05T18:13:01+00:00","breadcrumb":{"@id":"https:\/\/vali.now\/de\/ariane-forensische-bildanalyse\/#breadcrumb"},"inLanguage":"de","potentialAction":[{"@type":"ReadAction","target":["https:\/\/vali.now\/de\/ariane-forensische-bildanalyse\/"]}]},{"@type":"ImageObject","inLanguage":"de","@id":"https:\/\/vali.now\/de\/ariane-forensische-bildanalyse\/#primaryimage","url":"https:\/\/vali.now\/wp-content\/uploads\/2026\/02\/A5E999A7-EA5D-4633-A544-A0AD33815022-e1771262606945.jpeg","contentUrl":"https:\/\/vali.now\/wp-content\/uploads\/2026\/02\/A5E999A7-EA5D-4633-A544-A0AD33815022-e1771262606945.jpeg","width":804,"height":439},{"@type":"BreadcrumbList","@id":"https:\/\/vali.now\/de\/ariane-forensische-bildanalyse\/#breadcrumb","itemListElement":[{"@type":"ListItem","position":1,"name":"Startseite","item":"https:\/\/vali.now\/de\/home\/"},{"@type":"ListItem","position":2,"name":"Veritas \u2013 Bildintegrit\u00e4t f\u00fcr die Wissenschaft"}]},{"@type":"WebSite","@id":"https:\/\/vali.now\/de\/#website","url":"https:\/\/vali.now\/de\/","name":"vali.now","description":"Cybertrust for Businesses and Individuals","publisher":{"@id":"https:\/\/vali.now\/de\/#organization"},"potentialAction":[{"@type":"SearchAction","target":{"@type":"EntryPoint","urlTemplate":"https:\/\/vali.now\/de\/?s={search_term_string}"},"query-input":{"@type":"PropertyValueSpecification","valueRequired":true,"valueName":"search_term_string"}}],"inLanguage":"de"},{"@type":"Organization","@id":"https:\/\/vali.now\/de\/#organization","name":"vali.now","url":"https:\/\/vali.now\/de\/","logo":{"@type":"ImageObject","inLanguage":"de","@id":"https:\/\/vali.now\/de\/#\/schema\/logo\/image\/","url":"https:\/\/vali.now\/wp-content\/uploads\/2025\/11\/cropped-IMG_5205.png","contentUrl":"https:\/\/vali.now\/wp-content\/uploads\/2025\/11\/cropped-IMG_5205.png","width":512,"height":512,"caption":"vali.now"},"image":{"@id":"https:\/\/vali.now\/de\/#\/schema\/logo\/image\/"},"sameAs":["https:\/\/x.com\/vali_now","https:\/\/www.linkedin.com\/company\/vali-now\/"]}]}},"jetpack_sharing_enabled":true,"_links":{"self":[{"href":"https:\/\/vali.now\/de\/wp-json\/wp\/v2\/pages\/1676","targetHints":{"allow":["GET"]}}],"collection":[{"href":"https:\/\/vali.now\/de\/wp-json\/wp\/v2\/pages"}],"about":[{"href":"https:\/\/vali.now\/de\/wp-json\/wp\/v2\/types\/page"}],"author":[{"embeddable":true,"href":"https:\/\/vali.now\/de\/wp-json\/wp\/v2\/users\/1"}],"replies":[{"embeddable":true,"href":"https:\/\/vali.now\/de\/wp-json\/wp\/v2\/comments?post=1676"}],"version-history":[{"count":8,"href":"https:\/\/vali.now\/de\/wp-json\/wp\/v2\/pages\/1676\/revisions"}],"predecessor-version":[{"id":1837,"href":"https:\/\/vali.now\/de\/wp-json\/wp\/v2\/pages\/1676\/revisions\/1837"}],"wp:featuredmedia":[{"embeddable":true,"href":"https:\/\/vali.now\/de\/wp-json\/wp\/v2\/media\/1577"}],"wp:attachment":[{"href":"https:\/\/vali.now\/de\/wp-json\/wp\/v2\/media?parent=1676"}],"wp:term":[{"taxonomy":"category","embeddable":true,"href":"https:\/\/vali.now\/de\/wp-json\/wp\/v2\/categories?post=1676"},{"taxonomy":"post_tag","embeddable":true,"href":"https:\/\/vali.now\/de\/wp-json\/wp\/v2\/tags?post=1676"}],"curies":[{"name":"wp","href":"https:\/\/api.w.org\/{rel}","templated":true}]}}