{"id":991,"date":"2025-12-03T18:58:59","date_gmt":"2025-12-03T17:58:59","guid":{"rendered":"https:\/\/vali.now\/impressum\/"},"modified":"2026-02-10T16:52:29","modified_gmt":"2026-02-10T15:52:29","slug":"impressum","status":"publish","type":"page","link":"https:\/\/vali.now\/de\/impressum\/","title":{"rendered":"Impressum"},"content":{"rendered":"\n<p><strong>vali.now ist ein Dienst von: <\/strong><\/p>\n\n<p>Datarella GmbH | Enzianstra\u00dfe 4 | 82319 Starnberg | Deutschland<br\/>info@vali.now | www.vali.now<\/p>\n\n<p>Gesch\u00e4ftsf\u00fchrer: Michael Reuter<\/p>\n\n<p>Amtsgericht: M\u00fcnchen | HRB 207851 | USt-IDNr.: DE291729812 | Steuernummer: 143\/127\/90824<\/p>\n\n<div style=\"height:21px\" aria-hidden=\"true\" class=\"wp-block-spacer\"><\/div>\n\n<hr class=\"wp-block-separator has-alpha-channel-opacity\"\/>\n\n<div style=\"height:15px\" aria-hidden=\"true\" class=\"wp-block-spacer\"><\/div>\n\n<p><strong>Partner<\/strong><\/p>\n\n<div class=\"wp-block-columns is-layout-flex wp-container-core-columns-is-layout-9d6595d7 wp-block-columns-is-layout-flex\">\n<div class=\"wp-block-column is-layout-flow wp-block-column-is-layout-flow\"><div class=\"wp-block-image\">\n<figure class=\"alignright size-full is-resized\"><a href=\"https:\/\/ilds.ro\/\" target=\"_blank\" rel=\" noreferrer noopener\"><img decoding=\"async\" width=\"151\" height=\"150\" src=\"https:\/\/vali.now\/wp-content\/uploads\/2026\/02\/IMG_5705.png\" alt=\"\" class=\"wp-image-1550\" style=\"width:130px\" srcset=\"https:\/\/vali.now\/wp-content\/uploads\/2026\/02\/IMG_5705.png 151w, https:\/\/vali.now\/wp-content\/uploads\/2026\/02\/IMG_5705-100x100.png 100w\" sizes=\"(max-width: 151px) 100vw, 151px\" \/><\/a><\/figure>\n<\/div><\/div>\n\n\n\n<div class=\"wp-block-column is-vertically-aligned-bottom is-layout-flow wp-block-column-is-layout-flow\"><div class=\"wp-block-image\">\n<figure class=\"aligncenter size-full is-resized\"><a href=\"https:\/\/fmi.unibuc.ro\"><img decoding=\"async\" width=\"877\" height=\"877\" src=\"https:\/\/vali.now\/wp-content\/uploads\/2026\/02\/IMG_5638-1.jpeg\" alt=\"\" class=\"wp-image-1429\" style=\"width:150px\" srcset=\"https:\/\/vali.now\/wp-content\/uploads\/2026\/02\/IMG_5638-1.jpeg 877w, https:\/\/vali.now\/wp-content\/uploads\/2026\/02\/IMG_5638-1-300x300.jpeg 300w, https:\/\/vali.now\/wp-content\/uploads\/2026\/02\/IMG_5638-1-150x150.jpeg 150w, https:\/\/vali.now\/wp-content\/uploads\/2026\/02\/IMG_5638-1-768x768.jpeg 768w, https:\/\/vali.now\/wp-content\/uploads\/2026\/02\/IMG_5638-1-100x100.jpeg 100w, https:\/\/vali.now\/wp-content\/uploads\/2026\/02\/IMG_5638-1-570x570.jpeg 570w, https:\/\/vali.now\/wp-content\/uploads\/2026\/02\/IMG_5638-1-380x380.jpeg 380w, https:\/\/vali.now\/wp-content\/uploads\/2026\/02\/IMG_5638-1-285x285.jpeg 285w, https:\/\/vali.now\/wp-content\/uploads\/2026\/02\/IMG_5638-1-400x400.jpeg 400w\" sizes=\"(max-width: 877px) 100vw, 877px\" \/><\/a><\/figure>\n<\/div><\/div>\n\n\n\n<div class=\"wp-block-column is-vertically-aligned-center is-layout-flow wp-block-column-is-layout-flow\"><div class=\"wp-block-image\">\n<figure class=\"alignleft size-large is-resized\"><a href=\"http:\/\/www.packmasdigital.de\/\"><img decoding=\"async\" width=\"1024\" height=\"418\" src=\"https:\/\/vali.now\/wp-content\/uploads\/2026\/02\/IMG_5637-1024x418.png\" alt=\"\" class=\"wp-image-1426\" style=\"width:180px\" srcset=\"https:\/\/vali.now\/wp-content\/uploads\/2026\/02\/IMG_5637-1024x418.png 1024w, https:\/\/vali.now\/wp-content\/uploads\/2026\/02\/IMG_5637-300x123.png 300w, https:\/\/vali.now\/wp-content\/uploads\/2026\/02\/IMG_5637-768x314.png 768w, https:\/\/vali.now\/wp-content\/uploads\/2026\/02\/IMG_5637-400x163.png 400w, https:\/\/vali.now\/wp-content\/uploads\/2026\/02\/IMG_5637.png 1099w\" sizes=\"(max-width: 1024px) 100vw, 1024px\" \/><\/a><\/figure>\n<\/div><\/div>\n<\/div>\n","protected":false},"excerpt":{"rendered":"<p>vali.now ist ein Dienst von: Datarella GmbH | Enzianstra\u00dfe 4 | 82319 Starnberg | Deutschlandinfo@vali.now | www.vali.now Gesch\u00e4ftsf\u00fchrer: Michael Reuter Amtsgericht: M\u00fcnchen | HRB 207851 | USt-IDNr.: DE291729812 | Steuernummer: 143\/127\/90824 Partner<\/p>\n","protected":false},"author":1,"featured_media":0,"parent":0,"menu_order":0,"comment_status":"closed","ping_status":"closed","template":"","meta":{"footnotes":""},"categories":[137],"tags":[],"class_list":["post-991","page","type-page","status-publish","hentry","category-nicht-kategorisiert"],"yoast_head":"<!-- This site is optimized with the Yoast SEO plugin v27.6 - https:\/\/yoast.com\/product\/yoast-seo-wordpress\/ -->\n<title>Impressum - vali.now<\/title>\n<meta name=\"description\" content=\"Dies ist das Impressum der vali.now Website. Es legt klar dar, wer rechtlich f\u00fcr die von vali.now angebotenen Dienste verantwortlich ist.\" \/>\n<meta name=\"robots\" content=\"index, follow, max-snippet:-1, max-image-preview:large, max-video-preview:-1\" \/>\n<link rel=\"canonical\" href=\"https:\/\/vali.now\/de\/impressum\/\" \/>\n<meta property=\"og:locale\" content=\"de_DE\" \/>\n<meta property=\"og:type\" content=\"article\" \/>\n<meta property=\"og:title\" content=\"Impressum - vali.now\" \/>\n<meta property=\"og:description\" content=\"Dies ist das Impressum der vali.now Website. Es legt klar dar, wer rechtlich f\u00fcr die von vali.now angebotenen Dienste verantwortlich ist.\" \/>\n<meta property=\"og:url\" content=\"https:\/\/vali.now\/de\/impressum\/\" \/>\n<meta property=\"og:site_name\" content=\"vali.now\" \/>\n<meta property=\"article:modified_time\" content=\"2026-02-10T15:52:29+00:00\" \/>\n<meta property=\"og:image\" content=\"https:\/\/vali.now\/wp-content\/uploads\/2026\/02\/IMG_5705.png\" \/>\n\t<meta property=\"og:image:width\" content=\"151\" \/>\n\t<meta property=\"og:image:height\" content=\"150\" \/>\n\t<meta property=\"og:image:type\" content=\"image\/png\" \/>\n<meta name=\"twitter:card\" content=\"summary_large_image\" \/>\n<meta name=\"twitter:site\" content=\"@vali_now\" \/>\n<script type=\"application\/ld+json\" class=\"yoast-schema-graph\">{\"@context\":\"https:\\\/\\\/schema.org\",\"@graph\":[{\"@type\":\"WebPage\",\"@id\":\"https:\\\/\\\/vali.now\\\/de\\\/impressum\\\/\",\"url\":\"https:\\\/\\\/vali.now\\\/de\\\/impressum\\\/\",\"name\":\"Impressum - vali.now\",\"isPartOf\":{\"@id\":\"https:\\\/\\\/vali.now\\\/de\\\/#website\"},\"primaryImageOfPage\":{\"@id\":\"https:\\\/\\\/vali.now\\\/de\\\/impressum\\\/#primaryimage\"},\"image\":{\"@id\":\"https:\\\/\\\/vali.now\\\/de\\\/impressum\\\/#primaryimage\"},\"thumbnailUrl\":\"https:\\\/\\\/vali.now\\\/wp-content\\\/uploads\\\/2026\\\/02\\\/IMG_5705.png\",\"datePublished\":\"2025-12-03T17:58:59+00:00\",\"dateModified\":\"2026-02-10T15:52:29+00:00\",\"description\":\"Dies ist das Impressum der vali.now Website. Es legt klar dar, wer rechtlich f\u00fcr die von vali.now angebotenen Dienste verantwortlich ist.\",\"breadcrumb\":{\"@id\":\"https:\\\/\\\/vali.now\\\/de\\\/impressum\\\/#breadcrumb\"},\"inLanguage\":\"de\",\"potentialAction\":[{\"@type\":\"ReadAction\",\"target\":[\"https:\\\/\\\/vali.now\\\/de\\\/impressum\\\/\"]}]},{\"@type\":\"ImageObject\",\"inLanguage\":\"de\",\"@id\":\"https:\\\/\\\/vali.now\\\/de\\\/impressum\\\/#primaryimage\",\"url\":\"https:\\\/\\\/vali.now\\\/wp-content\\\/uploads\\\/2026\\\/02\\\/IMG_5705.png\",\"contentUrl\":\"https:\\\/\\\/vali.now\\\/wp-content\\\/uploads\\\/2026\\\/02\\\/IMG_5705.png\"},{\"@type\":\"BreadcrumbList\",\"@id\":\"https:\\\/\\\/vali.now\\\/de\\\/impressum\\\/#breadcrumb\",\"itemListElement\":[{\"@type\":\"ListItem\",\"position\":1,\"name\":\"Startseite\",\"item\":\"https:\\\/\\\/vali.now\\\/de\\\/\"},{\"@type\":\"ListItem\",\"position\":2,\"name\":\"Impressum\"}]},{\"@type\":\"WebSite\",\"@id\":\"https:\\\/\\\/vali.now\\\/de\\\/#website\",\"url\":\"https:\\\/\\\/vali.now\\\/de\\\/\",\"name\":\"vali.now\",\"description\":\"Cybertrust for Businesses and Individuals\",\"publisher\":{\"@id\":\"https:\\\/\\\/vali.now\\\/de\\\/#organization\"},\"potentialAction\":[{\"@type\":\"SearchAction\",\"target\":{\"@type\":\"EntryPoint\",\"urlTemplate\":\"https:\\\/\\\/vali.now\\\/de\\\/?s={search_term_string}\"},\"query-input\":{\"@type\":\"PropertyValueSpecification\",\"valueRequired\":true,\"valueName\":\"search_term_string\"}}],\"inLanguage\":\"de\"},{\"@type\":\"Organization\",\"@id\":\"https:\\\/\\\/vali.now\\\/de\\\/#organization\",\"name\":\"vali.now\",\"url\":\"https:\\\/\\\/vali.now\\\/de\\\/\",\"logo\":{\"@type\":\"ImageObject\",\"inLanguage\":\"de\",\"@id\":\"https:\\\/\\\/vali.now\\\/de\\\/#\\\/schema\\\/logo\\\/image\\\/\",\"url\":\"https:\\\/\\\/vali.now\\\/wp-content\\\/uploads\\\/2025\\\/11\\\/cropped-IMG_5205.png\",\"contentUrl\":\"https:\\\/\\\/vali.now\\\/wp-content\\\/uploads\\\/2025\\\/11\\\/cropped-IMG_5205.png\",\"width\":512,\"height\":512,\"caption\":\"vali.now\"},\"image\":{\"@id\":\"https:\\\/\\\/vali.now\\\/de\\\/#\\\/schema\\\/logo\\\/image\\\/\"},\"sameAs\":[\"https:\\\/\\\/x.com\\\/vali_now\",\"https:\\\/\\\/www.linkedin.com\\\/company\\\/vali-now\\\/\"]}]}<\/script>\n<!-- \/ Yoast SEO plugin. -->","yoast_head_json":{"title":"Impressum - vali.now","description":"Dies ist das Impressum der vali.now Website. Es legt klar dar, wer rechtlich f\u00fcr die von vali.now angebotenen Dienste verantwortlich ist.","robots":{"index":"index","follow":"follow","max-snippet":"max-snippet:-1","max-image-preview":"max-image-preview:large","max-video-preview":"max-video-preview:-1"},"canonical":"https:\/\/vali.now\/de\/impressum\/","og_locale":"de_DE","og_type":"article","og_title":"Impressum - vali.now","og_description":"Dies ist das Impressum der vali.now Website. Es legt klar dar, wer rechtlich f\u00fcr die von vali.now angebotenen Dienste verantwortlich ist.","og_url":"https:\/\/vali.now\/de\/impressum\/","og_site_name":"vali.now","article_modified_time":"2026-02-10T15:52:29+00:00","og_image":[{"width":151,"height":150,"url":"https:\/\/vali.now\/wp-content\/uploads\/2026\/02\/IMG_5705.png","type":"image\/png"}],"twitter_card":"summary_large_image","twitter_site":"@vali_now","schema":{"@context":"https:\/\/schema.org","@graph":[{"@type":"WebPage","@id":"https:\/\/vali.now\/de\/impressum\/","url":"https:\/\/vali.now\/de\/impressum\/","name":"Impressum - vali.now","isPartOf":{"@id":"https:\/\/vali.now\/de\/#website"},"primaryImageOfPage":{"@id":"https:\/\/vali.now\/de\/impressum\/#primaryimage"},"image":{"@id":"https:\/\/vali.now\/de\/impressum\/#primaryimage"},"thumbnailUrl":"https:\/\/vali.now\/wp-content\/uploads\/2026\/02\/IMG_5705.png","datePublished":"2025-12-03T17:58:59+00:00","dateModified":"2026-02-10T15:52:29+00:00","description":"Dies ist das Impressum der vali.now Website. Es legt klar dar, wer rechtlich f\u00fcr die von vali.now angebotenen Dienste verantwortlich ist.","breadcrumb":{"@id":"https:\/\/vali.now\/de\/impressum\/#breadcrumb"},"inLanguage":"de","potentialAction":[{"@type":"ReadAction","target":["https:\/\/vali.now\/de\/impressum\/"]}]},{"@type":"ImageObject","inLanguage":"de","@id":"https:\/\/vali.now\/de\/impressum\/#primaryimage","url":"https:\/\/vali.now\/wp-content\/uploads\/2026\/02\/IMG_5705.png","contentUrl":"https:\/\/vali.now\/wp-content\/uploads\/2026\/02\/IMG_5705.png"},{"@type":"BreadcrumbList","@id":"https:\/\/vali.now\/de\/impressum\/#breadcrumb","itemListElement":[{"@type":"ListItem","position":1,"name":"Startseite","item":"https:\/\/vali.now\/de\/"},{"@type":"ListItem","position":2,"name":"Impressum"}]},{"@type":"WebSite","@id":"https:\/\/vali.now\/de\/#website","url":"https:\/\/vali.now\/de\/","name":"vali.now","description":"Cybertrust for Businesses and Individuals","publisher":{"@id":"https:\/\/vali.now\/de\/#organization"},"potentialAction":[{"@type":"SearchAction","target":{"@type":"EntryPoint","urlTemplate":"https:\/\/vali.now\/de\/?s={search_term_string}"},"query-input":{"@type":"PropertyValueSpecification","valueRequired":true,"valueName":"search_term_string"}}],"inLanguage":"de"},{"@type":"Organization","@id":"https:\/\/vali.now\/de\/#organization","name":"vali.now","url":"https:\/\/vali.now\/de\/","logo":{"@type":"ImageObject","inLanguage":"de","@id":"https:\/\/vali.now\/de\/#\/schema\/logo\/image\/","url":"https:\/\/vali.now\/wp-content\/uploads\/2025\/11\/cropped-IMG_5205.png","contentUrl":"https:\/\/vali.now\/wp-content\/uploads\/2025\/11\/cropped-IMG_5205.png","width":512,"height":512,"caption":"vali.now"},"image":{"@id":"https:\/\/vali.now\/de\/#\/schema\/logo\/image\/"},"sameAs":["https:\/\/x.com\/vali_now","https:\/\/www.linkedin.com\/company\/vali-now\/"]}]}},"jetpack_sharing_enabled":true,"_links":{"self":[{"href":"https:\/\/vali.now\/de\/wp-json\/wp\/v2\/pages\/991","targetHints":{"allow":["GET"]}}],"collection":[{"href":"https:\/\/vali.now\/de\/wp-json\/wp\/v2\/pages"}],"about":[{"href":"https:\/\/vali.now\/de\/wp-json\/wp\/v2\/types\/page"}],"author":[{"embeddable":true,"href":"https:\/\/vali.now\/de\/wp-json\/wp\/v2\/users\/1"}],"replies":[{"embeddable":true,"href":"https:\/\/vali.now\/de\/wp-json\/wp\/v2\/comments?post=991"}],"version-history":[{"count":10,"href":"https:\/\/vali.now\/de\/wp-json\/wp\/v2\/pages\/991\/revisions"}],"predecessor-version":[{"id":1555,"href":"https:\/\/vali.now\/de\/wp-json\/wp\/v2\/pages\/991\/revisions\/1555"}],"wp:attachment":[{"href":"https:\/\/vali.now\/de\/wp-json\/wp\/v2\/media?parent=991"}],"wp:term":[{"taxonomy":"category","embeddable":true,"href":"https:\/\/vali.now\/de\/wp-json\/wp\/v2\/categories?post=991"},{"taxonomy":"post_tag","embeddable":true,"href":"https:\/\/vali.now\/de\/wp-json\/wp\/v2\/tags?post=991"}],"curies":[{"name":"wp","href":"https:\/\/api.w.org\/{rel}","templated":true}]}}