{"id":1066,"date":"2025-12-10T17:47:31","date_gmt":"2025-12-10T16:47:31","guid":{"rendered":"https:\/\/vali.now\/product\/personalisierte-sicherheitspruefung\/"},"modified":"2025-12-10T17:47:31","modified_gmt":"2025-12-10T16:47:31","slug":"personalisierte-sicherheitspruefung","status":"publish","type":"product","link":"https:\/\/vali.now\/de\/produkt\/personalisierte-sicherheitspruefung\/","title":{"rendered":"Personalisierte Sicherheitspr\u00fcfung"},"content":{"rendered":"<p>Bereite dich noch heute auf den n\u00e4chsten Cyberangriff vor! Mit einer personalisierten Sicherheitspr\u00fcfung von vali.now kannst du deine Anf\u00e4lligkeit f\u00fcr alle Arten von Cyberangriffen messbar reduzieren. Jeder sollte mindestens einmal j\u00e4hrlich eine \u00dcberpr\u00fcfung seiner eigenen Sicherheit durchf\u00fchren. Gemeinsam fassen wir alle deine Konten zusammen, sehen uns deine Ger\u00e4te an und richten dich so ein, dass du den Zugriff auf das beh\u00e4ltst, was dir am wichtigsten ist. Wir behandeln Backups, Passwortverwaltung, Best Practices und vieles mehr. Nach dieser Pr\u00fcfung verf\u00fcgst du \u00fcber die Werkzeuge und das Wissen, um deine pers\u00f6nliche Sicherheit zu erh\u00f6hen und Angriffe zu verhindern, bevor sie \u00fcberhaupt beginnen!     <\/p>\n<p><strong>Was ist enthalten:<\/strong><\/p>\n<ul>\n<li>Individuelle Vorbereitung auf deine personalisierte Sicherheitspr\u00fcfung<\/li>\n<li>1,5 Stunden Video-Chat mit einem unserer Cybersicherheitsexperten<\/li>\n<li>Individuelle Berichterstattung zur Dokumentation deiner Sicherheitspr\u00fcfung und zur Vereinfachung der Vorbereitung auf die Pr\u00fcfung im n\u00e4chsten Jahr<\/li>\n<\/ul>\n","protected":false},"excerpt":{"rendered":"<p>Eine personalisierte Sicherheitspr\u00fcfung von vali.now hilft dir, die Anf\u00e4lligkeit f\u00fcr Cyberangriffe messbar zu reduzieren.<br \/>\nNach einer 1,5-st\u00fcndigen \u00dcberpr\u00fcfung mit einem Experten erh\u00e4ltst du eine individuelle Berichterstattung und das Wissen, um deine pers\u00f6nliche Sicherheit zu erh\u00f6hen.<\/p>\n","protected":false},"featured_media":403,"comment_status":"open","ping_status":"closed","template":"","meta":[],"product_brand":[],"product_cat":[216],"product_tag":[217],"class_list":{"0":"post-1066","1":"product","2":"type-product","3":"status-publish","4":"has-post-thumbnail","6":"product_cat-beratung","7":"product_tag-prufung","9":"first","10":"instock","11":"downloadable","12":"virtual","13":"taxable","14":"purchasable","15":"product-type-simple"},"yoast_head":"<!-- This site is optimized with the Yoast SEO plugin v27.4 - https:\/\/yoast.com\/product\/yoast-seo-wordpress\/ -->\n<title>Personalisierte Sicherheitspr\u00fcfung - vali.now<\/title>\n<meta name=\"description\" content=\"Erhalte eine personalisierte Sicherheitspr\u00fcfung von vali.now. Unsere 1,5-st\u00fcndige Video-Pr\u00fcfung &amp; individuelle Berichterstattung helfen, die Anf\u00e4lligkeit f\u00fcr Cyberangriffe zu reduzieren. Buche deine noch heute!\" \/>\n<meta name=\"robots\" content=\"index, follow, max-snippet:-1, max-image-preview:large, max-video-preview:-1\" \/>\n<link rel=\"canonical\" href=\"https:\/\/vali.now\/de\/produkt\/personalisierte-sicherheitspruefung\/\" \/>\n<meta property=\"og:locale\" content=\"de_DE\" \/>\n<meta property=\"og:type\" content=\"article\" \/>\n<meta property=\"og:title\" content=\"Personalisierte Sicherheitspr\u00fcfung - vali.now\" \/>\n<meta property=\"og:description\" content=\"Erhalte eine personalisierte Sicherheitspr\u00fcfung von vali.now. Unsere 1,5-st\u00fcndige Video-Pr\u00fcfung &amp; individuelle Berichterstattung helfen, die Anf\u00e4lligkeit f\u00fcr Cyberangriffe zu reduzieren. Buche deine noch heute!\" \/>\n<meta property=\"og:url\" content=\"https:\/\/vali.now\/de\/produkt\/personalisierte-sicherheitspruefung\/\" \/>\n<meta property=\"og:site_name\" content=\"vali.now\" \/>\n<meta property=\"og:image\" content=\"https:\/\/vali.now\/wp-content\/uploads\/2025\/12\/IMG_5128-e1765045746537.jpeg\" \/>\n\t<meta property=\"og:image:width\" content=\"630\" \/>\n\t<meta property=\"og:image:height\" content=\"570\" \/>\n\t<meta property=\"og:image:type\" content=\"image\/jpeg\" \/>\n<meta name=\"twitter:card\" content=\"summary_large_image\" \/>\n<meta name=\"twitter:site\" content=\"@vali_now\" \/>\n<meta name=\"twitter:label1\" content=\"Gesch\u00e4tzte Lesezeit\" \/>\n\t<meta name=\"twitter:data1\" content=\"1\u00a0Minute\" \/>\n<script type=\"application\/ld+json\" class=\"yoast-schema-graph\">{\"@context\":\"https:\\\/\\\/schema.org\",\"@graph\":[{\"@type\":\"WebPage\",\"@id\":\"https:\\\/\\\/vali.now\\\/de\\\/produkt\\\/personalisierte-sicherheitspruefung\\\/\",\"url\":\"https:\\\/\\\/vali.now\\\/de\\\/produkt\\\/personalisierte-sicherheitspruefung\\\/\",\"name\":\"Personalisierte Sicherheitspr\u00fcfung - vali.now\",\"isPartOf\":{\"@id\":\"https:\\\/\\\/vali.now\\\/de\\\/#website\"},\"primaryImageOfPage\":{\"@id\":\"https:\\\/\\\/vali.now\\\/de\\\/produkt\\\/personalisierte-sicherheitspruefung\\\/#primaryimage\"},\"image\":{\"@id\":\"https:\\\/\\\/vali.now\\\/de\\\/produkt\\\/personalisierte-sicherheitspruefung\\\/#primaryimage\"},\"thumbnailUrl\":\"https:\\\/\\\/vali.now\\\/wp-content\\\/uploads\\\/2025\\\/12\\\/IMG_5128-e1765045746537.jpeg\",\"datePublished\":\"2025-12-10T16:47:31+00:00\",\"description\":\"Erhalte eine personalisierte Sicherheitspr\u00fcfung von vali.now. Unsere 1,5-st\u00fcndige Video-Pr\u00fcfung & individuelle Berichterstattung helfen, die Anf\u00e4lligkeit f\u00fcr Cyberangriffe zu reduzieren. Buche deine noch heute!\",\"breadcrumb\":{\"@id\":\"https:\\\/\\\/vali.now\\\/de\\\/produkt\\\/personalisierte-sicherheitspruefung\\\/#breadcrumb\"},\"inLanguage\":\"de\",\"potentialAction\":[{\"@type\":\"ReadAction\",\"target\":[\"https:\\\/\\\/vali.now\\\/de\\\/produkt\\\/personalisierte-sicherheitspruefung\\\/\"]}]},{\"@type\":\"ImageObject\",\"inLanguage\":\"de\",\"@id\":\"https:\\\/\\\/vali.now\\\/de\\\/produkt\\\/personalisierte-sicherheitspruefung\\\/#primaryimage\",\"url\":\"https:\\\/\\\/vali.now\\\/wp-content\\\/uploads\\\/2025\\\/12\\\/IMG_5128-e1765045746537.jpeg\",\"contentUrl\":\"https:\\\/\\\/vali.now\\\/wp-content\\\/uploads\\\/2025\\\/12\\\/IMG_5128-e1765045746537.jpeg\",\"width\":630,\"height\":570,\"caption\":\"personalized security audit, cybersecurity audit services, personal cybersecurity review\"},{\"@type\":\"BreadcrumbList\",\"@id\":\"https:\\\/\\\/vali.now\\\/de\\\/produkt\\\/personalisierte-sicherheitspruefung\\\/#breadcrumb\",\"itemListElement\":[{\"@type\":\"ListItem\",\"position\":1,\"name\":\"Startseite\",\"item\":\"https:\\\/\\\/vali.now\\\/de\\\/home\\\/\"},{\"@type\":\"ListItem\",\"position\":2,\"name\":\"Shop\",\"item\":\"https:\\\/\\\/vali.now\\\/de\\\/shop\\\/\"},{\"@type\":\"ListItem\",\"position\":3,\"name\":\"Personalisierte Sicherheitspr\u00fcfung\"}]},{\"@type\":\"WebSite\",\"@id\":\"https:\\\/\\\/vali.now\\\/de\\\/#website\",\"url\":\"https:\\\/\\\/vali.now\\\/de\\\/\",\"name\":\"vali.now\",\"description\":\"Cybertrust for Businesses and Individuals\",\"publisher\":{\"@id\":\"https:\\\/\\\/vali.now\\\/de\\\/#organization\"},\"potentialAction\":[{\"@type\":\"SearchAction\",\"target\":{\"@type\":\"EntryPoint\",\"urlTemplate\":\"https:\\\/\\\/vali.now\\\/de\\\/?s={search_term_string}\"},\"query-input\":{\"@type\":\"PropertyValueSpecification\",\"valueRequired\":true,\"valueName\":\"search_term_string\"}}],\"inLanguage\":\"de\"},{\"@type\":\"Organization\",\"@id\":\"https:\\\/\\\/vali.now\\\/de\\\/#organization\",\"name\":\"vali.now\",\"url\":\"https:\\\/\\\/vali.now\\\/de\\\/\",\"logo\":{\"@type\":\"ImageObject\",\"inLanguage\":\"de\",\"@id\":\"https:\\\/\\\/vali.now\\\/de\\\/#\\\/schema\\\/logo\\\/image\\\/\",\"url\":\"https:\\\/\\\/vali.now\\\/wp-content\\\/uploads\\\/2025\\\/11\\\/cropped-IMG_5205.png\",\"contentUrl\":\"https:\\\/\\\/vali.now\\\/wp-content\\\/uploads\\\/2025\\\/11\\\/cropped-IMG_5205.png\",\"width\":512,\"height\":512,\"caption\":\"vali.now\"},\"image\":{\"@id\":\"https:\\\/\\\/vali.now\\\/de\\\/#\\\/schema\\\/logo\\\/image\\\/\"},\"sameAs\":[\"https:\\\/\\\/x.com\\\/vali_now\",\"https:\\\/\\\/www.linkedin.com\\\/company\\\/vali-now\\\/\"]}]}<\/script>\n<!-- \/ Yoast SEO plugin. -->","yoast_head_json":{"title":"Personalisierte Sicherheitspr\u00fcfung - vali.now","description":"Erhalte eine personalisierte Sicherheitspr\u00fcfung von vali.now. Unsere 1,5-st\u00fcndige Video-Pr\u00fcfung & individuelle Berichterstattung helfen, die Anf\u00e4lligkeit f\u00fcr Cyberangriffe zu reduzieren. Buche deine noch heute!","robots":{"index":"index","follow":"follow","max-snippet":"max-snippet:-1","max-image-preview":"max-image-preview:large","max-video-preview":"max-video-preview:-1"},"canonical":"https:\/\/vali.now\/de\/produkt\/personalisierte-sicherheitspruefung\/","og_locale":"de_DE","og_type":"article","og_title":"Personalisierte Sicherheitspr\u00fcfung - vali.now","og_description":"Erhalte eine personalisierte Sicherheitspr\u00fcfung von vali.now. Unsere 1,5-st\u00fcndige Video-Pr\u00fcfung & individuelle Berichterstattung helfen, die Anf\u00e4lligkeit f\u00fcr Cyberangriffe zu reduzieren. Buche deine noch heute!","og_url":"https:\/\/vali.now\/de\/produkt\/personalisierte-sicherheitspruefung\/","og_site_name":"vali.now","og_image":[{"width":630,"height":570,"url":"https:\/\/vali.now\/wp-content\/uploads\/2025\/12\/IMG_5128-e1765045746537.jpeg","type":"image\/jpeg"}],"twitter_card":"summary_large_image","twitter_site":"@vali_now","twitter_misc":{"Gesch\u00e4tzte Lesezeit":"1\u00a0Minute"},"schema":{"@context":"https:\/\/schema.org","@graph":[{"@type":"WebPage","@id":"https:\/\/vali.now\/de\/produkt\/personalisierte-sicherheitspruefung\/","url":"https:\/\/vali.now\/de\/produkt\/personalisierte-sicherheitspruefung\/","name":"Personalisierte Sicherheitspr\u00fcfung - vali.now","isPartOf":{"@id":"https:\/\/vali.now\/de\/#website"},"primaryImageOfPage":{"@id":"https:\/\/vali.now\/de\/produkt\/personalisierte-sicherheitspruefung\/#primaryimage"},"image":{"@id":"https:\/\/vali.now\/de\/produkt\/personalisierte-sicherheitspruefung\/#primaryimage"},"thumbnailUrl":"https:\/\/vali.now\/wp-content\/uploads\/2025\/12\/IMG_5128-e1765045746537.jpeg","datePublished":"2025-12-10T16:47:31+00:00","description":"Erhalte eine personalisierte Sicherheitspr\u00fcfung von vali.now. Unsere 1,5-st\u00fcndige Video-Pr\u00fcfung & individuelle Berichterstattung helfen, die Anf\u00e4lligkeit f\u00fcr Cyberangriffe zu reduzieren. Buche deine noch heute!","breadcrumb":{"@id":"https:\/\/vali.now\/de\/produkt\/personalisierte-sicherheitspruefung\/#breadcrumb"},"inLanguage":"de","potentialAction":[{"@type":"ReadAction","target":["https:\/\/vali.now\/de\/produkt\/personalisierte-sicherheitspruefung\/"]}]},{"@type":"ImageObject","inLanguage":"de","@id":"https:\/\/vali.now\/de\/produkt\/personalisierte-sicherheitspruefung\/#primaryimage","url":"https:\/\/vali.now\/wp-content\/uploads\/2025\/12\/IMG_5128-e1765045746537.jpeg","contentUrl":"https:\/\/vali.now\/wp-content\/uploads\/2025\/12\/IMG_5128-e1765045746537.jpeg","width":630,"height":570,"caption":"personalized security audit, cybersecurity audit services, personal cybersecurity review"},{"@type":"BreadcrumbList","@id":"https:\/\/vali.now\/de\/produkt\/personalisierte-sicherheitspruefung\/#breadcrumb","itemListElement":[{"@type":"ListItem","position":1,"name":"Startseite","item":"https:\/\/vali.now\/de\/home\/"},{"@type":"ListItem","position":2,"name":"Shop","item":"https:\/\/vali.now\/de\/shop\/"},{"@type":"ListItem","position":3,"name":"Personalisierte Sicherheitspr\u00fcfung"}]},{"@type":"WebSite","@id":"https:\/\/vali.now\/de\/#website","url":"https:\/\/vali.now\/de\/","name":"vali.now","description":"Cybertrust for Businesses and Individuals","publisher":{"@id":"https:\/\/vali.now\/de\/#organization"},"potentialAction":[{"@type":"SearchAction","target":{"@type":"EntryPoint","urlTemplate":"https:\/\/vali.now\/de\/?s={search_term_string}"},"query-input":{"@type":"PropertyValueSpecification","valueRequired":true,"valueName":"search_term_string"}}],"inLanguage":"de"},{"@type":"Organization","@id":"https:\/\/vali.now\/de\/#organization","name":"vali.now","url":"https:\/\/vali.now\/de\/","logo":{"@type":"ImageObject","inLanguage":"de","@id":"https:\/\/vali.now\/de\/#\/schema\/logo\/image\/","url":"https:\/\/vali.now\/wp-content\/uploads\/2025\/11\/cropped-IMG_5205.png","contentUrl":"https:\/\/vali.now\/wp-content\/uploads\/2025\/11\/cropped-IMG_5205.png","width":512,"height":512,"caption":"vali.now"},"image":{"@id":"https:\/\/vali.now\/de\/#\/schema\/logo\/image\/"},"sameAs":["https:\/\/x.com\/vali_now","https:\/\/www.linkedin.com\/company\/vali-now\/"]}]}},"jetpack_sharing_enabled":true,"_links":{"self":[{"href":"https:\/\/vali.now\/de\/wp-json\/wp\/v2\/product\/1066","targetHints":{"allow":["GET"]}}],"collection":[{"href":"https:\/\/vali.now\/de\/wp-json\/wp\/v2\/product"}],"about":[{"href":"https:\/\/vali.now\/de\/wp-json\/wp\/v2\/types\/product"}],"replies":[{"embeddable":true,"href":"https:\/\/vali.now\/de\/wp-json\/wp\/v2\/comments?post=1066"}],"wp:featuredmedia":[{"embeddable":true,"href":"https:\/\/vali.now\/de\/wp-json\/wp\/v2\/media\/403"}],"wp:attachment":[{"href":"https:\/\/vali.now\/de\/wp-json\/wp\/v2\/media?parent=1066"}],"wp:term":[{"taxonomy":"product_brand","embeddable":true,"href":"https:\/\/vali.now\/de\/wp-json\/wp\/v2\/product_brand?post=1066"},{"taxonomy":"product_cat","embeddable":true,"href":"https:\/\/vali.now\/de\/wp-json\/wp\/v2\/product_cat?post=1066"},{"taxonomy":"product_tag","embeddable":true,"href":"https:\/\/vali.now\/de\/wp-json\/wp\/v2\/product_tag?post=1066"}],"curies":[{"name":"wp","href":"https:\/\/api.w.org\/{rel}","templated":true}]}}