{"id":1103,"date":"2025-12-10T17:47:54","date_gmt":"2025-12-10T16:47:54","guid":{"rendered":"https:\/\/vali.now\/product\/scam-shield-beratung\/"},"modified":"2025-12-10T17:47:54","modified_gmt":"2025-12-10T16:47:54","slug":"scam-shield-beratung","status":"publish","type":"product","link":"https:\/\/vali.now\/de\/produkt\/scam-shield-beratung\/","title":{"rendered":"Scam Shield Beratung"},"content":{"rendered":"<p><a href=\"http:\/\/vali.now\">Vali.now<\/a> bietet jedem Kunden eine kostenlose Expertenberatung im Bereich Cybersicherheit von einer Stunde an, wenn er an <a href=\"mailto:help@vali.now\">help@vali.now<\/a> schreibt. Wenn Sie nach der Inanspruchnahme unseres kostenlosen Angebots noch Fragen zur Cybersicherheit haben, senden wir Ihnen ein Angebot, um Ihr Guthaben f\u00fcr die Scam Shield Beratung aufzustocken. Die gesch\u00e4tzten Kosten h\u00e4ngen von der Komplexit\u00e4t des laufenden Cybersicherheitsfalls ab.  <\/p>\n<ul>\n<li>Unser Stundensatz betr\u00e4gt 120 EUR.<\/li>\n<li>Bitte geben Sie hier die Anzahl der Beratungsstunden in Ihrer Sch\u00e4tzung ein und gehen Sie dann zur Kasse.<\/li>\n<li>Sobald <a href=\"http:\/\/vali.now\">vali.now<\/a> die Zahlung f\u00fcr den angegebenen Betrag erhalten hat, st\u00fcrzen wir uns in die L\u00f6sung Ihres Cybersicherheitsproblems!<\/li>\n<\/ul>\n","protected":false},"excerpt":{"rendered":"<p>F\u00fcr fortlaufende Unterst\u00fctzung nach der Inanspruchnahme der 1-st\u00fcndigen kostenlosen Testversion von <a href=\"http:\/\/vali.now\">vali.now<\/a> k\u00f6nnen Sie zus\u00e4tzliche Stunden f\u00fcr die Scam Shield Beratung erwerben. Wir beginnen mit der Bearbeitung Ihres Problems, sobald die Zahlung eingegangen ist. <\/p>\n","protected":false},"featured_media":330,"comment_status":"open","ping_status":"closed","template":"","meta":[],"product_brand":[],"product_cat":[216],"product_tag":[234,233],"class_list":{"0":"post-1103","1":"product","2":"type-product","3":"status-publish","4":"has-post-thumbnail","6":"product_cat-beratung","7":"product_tag-cybersicherheitsberatung","8":"product_tag-scam-shield","10":"first","11":"instock","12":"downloadable","13":"virtual","14":"taxable","15":"purchasable","16":"product-type-simple"},"yoast_head":"<!-- This site is optimized with the Yoast SEO plugin v27.4 - https:\/\/yoast.com\/product\/yoast-seo-wordpress\/ -->\n<title>Scam Shield Beratung - vali.now<\/title>\n<meta name=\"description\" content=\"Unsere Experten-Dienstleistungen im Bereich Scam Shield Beratung beginnen mit einer kostenlosen Analyse von einer Stunde. Bei laufenden Problemen stehen wir Ihnen f\u00fcr 120 \u20ac\/Stunde zur Verf\u00fcgung, um Ihr Problem zu l\u00f6sen.\" \/>\n<meta name=\"robots\" content=\"index, follow, max-snippet:-1, max-image-preview:large, max-video-preview:-1\" \/>\n<link rel=\"canonical\" href=\"https:\/\/vali.now\/de\/produkt\/scam-shield-beratung\/\" \/>\n<meta property=\"og:locale\" content=\"de_DE\" \/>\n<meta property=\"og:type\" content=\"article\" \/>\n<meta property=\"og:title\" content=\"Scam Shield Beratung - vali.now\" \/>\n<meta property=\"og:description\" content=\"Unsere Experten-Dienstleistungen im Bereich Scam Shield Beratung beginnen mit einer kostenlosen Analyse von einer Stunde. Bei laufenden Problemen stehen wir Ihnen f\u00fcr 120 \u20ac\/Stunde zur Verf\u00fcgung, um Ihr Problem zu l\u00f6sen.\" \/>\n<meta property=\"og:url\" content=\"https:\/\/vali.now\/de\/produkt\/scam-shield-beratung\/\" \/>\n<meta property=\"og:site_name\" content=\"vali.now\" \/>\n<meta property=\"og:image\" content=\"https:\/\/vali.now\/wp-content\/uploads\/2025\/11\/IMG_5108.jpeg\" \/>\n\t<meta property=\"og:image:width\" content=\"916\" \/>\n\t<meta property=\"og:image:height\" content=\"845\" \/>\n\t<meta property=\"og:image:type\" content=\"image\/jpeg\" \/>\n<meta name=\"twitter:card\" content=\"summary_large_image\" \/>\n<meta name=\"twitter:site\" content=\"@vali_now\" \/>\n<meta name=\"twitter:label1\" content=\"Gesch\u00e4tzte Lesezeit\" \/>\n\t<meta name=\"twitter:data1\" content=\"1\u00a0Minute\" \/>\n<script type=\"application\/ld+json\" class=\"yoast-schema-graph\">{\"@context\":\"https:\\\/\\\/schema.org\",\"@graph\":[{\"@type\":\"WebPage\",\"@id\":\"https:\\\/\\\/vali.now\\\/de\\\/produkt\\\/scam-shield-beratung\\\/\",\"url\":\"https:\\\/\\\/vali.now\\\/de\\\/produkt\\\/scam-shield-beratung\\\/\",\"name\":\"Scam Shield Beratung - vali.now\",\"isPartOf\":{\"@id\":\"https:\\\/\\\/vali.now\\\/de\\\/#website\"},\"primaryImageOfPage\":{\"@id\":\"https:\\\/\\\/vali.now\\\/de\\\/produkt\\\/scam-shield-beratung\\\/#primaryimage\"},\"image\":{\"@id\":\"https:\\\/\\\/vali.now\\\/de\\\/produkt\\\/scam-shield-beratung\\\/#primaryimage\"},\"thumbnailUrl\":\"https:\\\/\\\/vali.now\\\/wp-content\\\/uploads\\\/2025\\\/11\\\/IMG_5108.jpeg\",\"datePublished\":\"2025-12-10T16:47:54+00:00\",\"description\":\"Unsere Experten-Dienstleistungen im Bereich Scam Shield Beratung beginnen mit einer kostenlosen Analyse von einer Stunde. Bei laufenden Problemen stehen wir Ihnen f\u00fcr 120 \u20ac\\\/Stunde zur Verf\u00fcgung, um Ihr Problem zu l\u00f6sen.\",\"breadcrumb\":{\"@id\":\"https:\\\/\\\/vali.now\\\/de\\\/produkt\\\/scam-shield-beratung\\\/#breadcrumb\"},\"inLanguage\":\"de\",\"potentialAction\":[{\"@type\":\"ReadAction\",\"target\":[\"https:\\\/\\\/vali.now\\\/de\\\/produkt\\\/scam-shield-beratung\\\/\"]}]},{\"@type\":\"ImageObject\",\"inLanguage\":\"de\",\"@id\":\"https:\\\/\\\/vali.now\\\/de\\\/produkt\\\/scam-shield-beratung\\\/#primaryimage\",\"url\":\"https:\\\/\\\/vali.now\\\/wp-content\\\/uploads\\\/2025\\\/11\\\/IMG_5108.jpeg\",\"contentUrl\":\"https:\\\/\\\/vali.now\\\/wp-content\\\/uploads\\\/2025\\\/11\\\/IMG_5108.jpeg\",\"width\":916,\"height\":845,\"caption\":\"Scam Shield Consulting\"},{\"@type\":\"BreadcrumbList\",\"@id\":\"https:\\\/\\\/vali.now\\\/de\\\/produkt\\\/scam-shield-beratung\\\/#breadcrumb\",\"itemListElement\":[{\"@type\":\"ListItem\",\"position\":1,\"name\":\"Startseite\",\"item\":\"https:\\\/\\\/vali.now\\\/de\\\/home\\\/\"},{\"@type\":\"ListItem\",\"position\":2,\"name\":\"Shop\",\"item\":\"https:\\\/\\\/vali.now\\\/de\\\/shop\\\/\"},{\"@type\":\"ListItem\",\"position\":3,\"name\":\"Scam Shield Beratung\"}]},{\"@type\":\"WebSite\",\"@id\":\"https:\\\/\\\/vali.now\\\/de\\\/#website\",\"url\":\"https:\\\/\\\/vali.now\\\/de\\\/\",\"name\":\"vali.now\",\"description\":\"Cybertrust for Businesses and Individuals\",\"publisher\":{\"@id\":\"https:\\\/\\\/vali.now\\\/de\\\/#organization\"},\"potentialAction\":[{\"@type\":\"SearchAction\",\"target\":{\"@type\":\"EntryPoint\",\"urlTemplate\":\"https:\\\/\\\/vali.now\\\/de\\\/?s={search_term_string}\"},\"query-input\":{\"@type\":\"PropertyValueSpecification\",\"valueRequired\":true,\"valueName\":\"search_term_string\"}}],\"inLanguage\":\"de\"},{\"@type\":\"Organization\",\"@id\":\"https:\\\/\\\/vali.now\\\/de\\\/#organization\",\"name\":\"vali.now\",\"url\":\"https:\\\/\\\/vali.now\\\/de\\\/\",\"logo\":{\"@type\":\"ImageObject\",\"inLanguage\":\"de\",\"@id\":\"https:\\\/\\\/vali.now\\\/de\\\/#\\\/schema\\\/logo\\\/image\\\/\",\"url\":\"https:\\\/\\\/vali.now\\\/wp-content\\\/uploads\\\/2025\\\/11\\\/cropped-IMG_5205.png\",\"contentUrl\":\"https:\\\/\\\/vali.now\\\/wp-content\\\/uploads\\\/2025\\\/11\\\/cropped-IMG_5205.png\",\"width\":512,\"height\":512,\"caption\":\"vali.now\"},\"image\":{\"@id\":\"https:\\\/\\\/vali.now\\\/de\\\/#\\\/schema\\\/logo\\\/image\\\/\"},\"sameAs\":[\"https:\\\/\\\/x.com\\\/vali_now\",\"https:\\\/\\\/www.linkedin.com\\\/company\\\/vali-now\\\/\"]}]}<\/script>\n<!-- \/ Yoast SEO plugin. -->","yoast_head_json":{"title":"Scam Shield Beratung - vali.now","description":"Unsere Experten-Dienstleistungen im Bereich Scam Shield Beratung beginnen mit einer kostenlosen Analyse von einer Stunde. Bei laufenden Problemen stehen wir Ihnen f\u00fcr 120 \u20ac\/Stunde zur Verf\u00fcgung, um Ihr Problem zu l\u00f6sen.","robots":{"index":"index","follow":"follow","max-snippet":"max-snippet:-1","max-image-preview":"max-image-preview:large","max-video-preview":"max-video-preview:-1"},"canonical":"https:\/\/vali.now\/de\/produkt\/scam-shield-beratung\/","og_locale":"de_DE","og_type":"article","og_title":"Scam Shield Beratung - vali.now","og_description":"Unsere Experten-Dienstleistungen im Bereich Scam Shield Beratung beginnen mit einer kostenlosen Analyse von einer Stunde. Bei laufenden Problemen stehen wir Ihnen f\u00fcr 120 \u20ac\/Stunde zur Verf\u00fcgung, um Ihr Problem zu l\u00f6sen.","og_url":"https:\/\/vali.now\/de\/produkt\/scam-shield-beratung\/","og_site_name":"vali.now","og_image":[{"width":916,"height":845,"url":"https:\/\/vali.now\/wp-content\/uploads\/2025\/11\/IMG_5108.jpeg","type":"image\/jpeg"}],"twitter_card":"summary_large_image","twitter_site":"@vali_now","twitter_misc":{"Gesch\u00e4tzte Lesezeit":"1\u00a0Minute"},"schema":{"@context":"https:\/\/schema.org","@graph":[{"@type":"WebPage","@id":"https:\/\/vali.now\/de\/produkt\/scam-shield-beratung\/","url":"https:\/\/vali.now\/de\/produkt\/scam-shield-beratung\/","name":"Scam Shield Beratung - vali.now","isPartOf":{"@id":"https:\/\/vali.now\/de\/#website"},"primaryImageOfPage":{"@id":"https:\/\/vali.now\/de\/produkt\/scam-shield-beratung\/#primaryimage"},"image":{"@id":"https:\/\/vali.now\/de\/produkt\/scam-shield-beratung\/#primaryimage"},"thumbnailUrl":"https:\/\/vali.now\/wp-content\/uploads\/2025\/11\/IMG_5108.jpeg","datePublished":"2025-12-10T16:47:54+00:00","description":"Unsere Experten-Dienstleistungen im Bereich Scam Shield Beratung beginnen mit einer kostenlosen Analyse von einer Stunde. Bei laufenden Problemen stehen wir Ihnen f\u00fcr 120 \u20ac\/Stunde zur Verf\u00fcgung, um Ihr Problem zu l\u00f6sen.","breadcrumb":{"@id":"https:\/\/vali.now\/de\/produkt\/scam-shield-beratung\/#breadcrumb"},"inLanguage":"de","potentialAction":[{"@type":"ReadAction","target":["https:\/\/vali.now\/de\/produkt\/scam-shield-beratung\/"]}]},{"@type":"ImageObject","inLanguage":"de","@id":"https:\/\/vali.now\/de\/produkt\/scam-shield-beratung\/#primaryimage","url":"https:\/\/vali.now\/wp-content\/uploads\/2025\/11\/IMG_5108.jpeg","contentUrl":"https:\/\/vali.now\/wp-content\/uploads\/2025\/11\/IMG_5108.jpeg","width":916,"height":845,"caption":"Scam Shield Consulting"},{"@type":"BreadcrumbList","@id":"https:\/\/vali.now\/de\/produkt\/scam-shield-beratung\/#breadcrumb","itemListElement":[{"@type":"ListItem","position":1,"name":"Startseite","item":"https:\/\/vali.now\/de\/home\/"},{"@type":"ListItem","position":2,"name":"Shop","item":"https:\/\/vali.now\/de\/shop\/"},{"@type":"ListItem","position":3,"name":"Scam Shield Beratung"}]},{"@type":"WebSite","@id":"https:\/\/vali.now\/de\/#website","url":"https:\/\/vali.now\/de\/","name":"vali.now","description":"Cybertrust for Businesses and Individuals","publisher":{"@id":"https:\/\/vali.now\/de\/#organization"},"potentialAction":[{"@type":"SearchAction","target":{"@type":"EntryPoint","urlTemplate":"https:\/\/vali.now\/de\/?s={search_term_string}"},"query-input":{"@type":"PropertyValueSpecification","valueRequired":true,"valueName":"search_term_string"}}],"inLanguage":"de"},{"@type":"Organization","@id":"https:\/\/vali.now\/de\/#organization","name":"vali.now","url":"https:\/\/vali.now\/de\/","logo":{"@type":"ImageObject","inLanguage":"de","@id":"https:\/\/vali.now\/de\/#\/schema\/logo\/image\/","url":"https:\/\/vali.now\/wp-content\/uploads\/2025\/11\/cropped-IMG_5205.png","contentUrl":"https:\/\/vali.now\/wp-content\/uploads\/2025\/11\/cropped-IMG_5205.png","width":512,"height":512,"caption":"vali.now"},"image":{"@id":"https:\/\/vali.now\/de\/#\/schema\/logo\/image\/"},"sameAs":["https:\/\/x.com\/vali_now","https:\/\/www.linkedin.com\/company\/vali-now\/"]}]}},"jetpack_sharing_enabled":true,"_links":{"self":[{"href":"https:\/\/vali.now\/de\/wp-json\/wp\/v2\/product\/1103","targetHints":{"allow":["GET"]}}],"collection":[{"href":"https:\/\/vali.now\/de\/wp-json\/wp\/v2\/product"}],"about":[{"href":"https:\/\/vali.now\/de\/wp-json\/wp\/v2\/types\/product"}],"replies":[{"embeddable":true,"href":"https:\/\/vali.now\/de\/wp-json\/wp\/v2\/comments?post=1103"}],"wp:featuredmedia":[{"embeddable":true,"href":"https:\/\/vali.now\/de\/wp-json\/wp\/v2\/media\/330"}],"wp:attachment":[{"href":"https:\/\/vali.now\/de\/wp-json\/wp\/v2\/media?parent=1103"}],"wp:term":[{"taxonomy":"product_brand","embeddable":true,"href":"https:\/\/vali.now\/de\/wp-json\/wp\/v2\/product_brand?post=1103"},{"taxonomy":"product_cat","embeddable":true,"href":"https:\/\/vali.now\/de\/wp-json\/wp\/v2\/product_cat?post=1103"},{"taxonomy":"product_tag","embeddable":true,"href":"https:\/\/vali.now\/de\/wp-json\/wp\/v2\/product_tag?post=1103"}],"curies":[{"name":"wp","href":"https:\/\/api.w.org\/{rel}","templated":true}]}}